{"id":475,"date":"2022-11-22T09:47:36","date_gmt":"2022-11-22T08:47:36","guid":{"rendered":"https:\/\/gelatinesjunca.com\/?page_id=475"},"modified":"2023-09-12T10:52:43","modified_gmt":"2023-09-12T08:52:43","slug":"homepage","status":"publish","type":"page","link":"https:\/\/gelatinesjunca.com\/en\/","title":{"rendered":"Homepage"},"content":{"rendered":"\n<section id=\"top_image\" class=\"wp-block-uagb-container uagb-block-35a474b0 alignfull uagb-is-root-container\">\n<figure class=\"wp-block-image size-full\"><img decoding=\"async\" width=\"2160\" height=\"1216\" src=\"https:\/\/gelatinesjunca.com\/wp-content\/uploads\/2022\/11\/Gruppo-di-maschere-2.jpg\" alt=\"\" class=\"wp-image-14\" srcset=\"https:\/\/gelatinesjunca.com\/wp-content\/uploads\/2022\/11\/Gruppo-di-maschere-2.jpg 2160w, https:\/\/gelatinesjunca.com\/wp-content\/uploads\/2022\/11\/Gruppo-di-maschere-2-300x169.jpg 300w, https:\/\/gelatinesjunca.com\/wp-content\/uploads\/2022\/11\/Gruppo-di-maschere-2-1024x576.jpg 1024w\" sizes=\"(max-width: 2160px) 100vw, 2160px\" \/><\/figure>\n<\/section>\n\n\n\n<div id=\"home-blue\" class=\"wp-block-uagb-container uagb-block-253ab65e alignfull uagb-is-root-container\"><div class=\"uagb-container-inner-blocks-wrap\">\n<p class=\"has-text-align-center\" style=\"font-size:16px\">DESDE 1947<\/p>\n\n\n\n<h1 class=\"wp-block-heading has-text-align-center\"><strong>Gelatine and Hydrolysed Collagen Products<\/strong><\/h1>\n\n\n\n<p class=\"has-text-align-center\">Welcome you to the new Junc\u00e0 Gelatine website. Our family business has been dedicated to the manufacture of high quality gelatine and collagen hydrolysates since 1947, when the company was founded. Our production facilities are located in Catalonia, in the town of Banyoles, in the province of Girona (Spain).&nbsp;<\/p>\n\n\n\n<p class=\"has-text-align-center\">Junca Gelatines has steadily grown to become a name of reference in the sector thanks our rigorous <strong>selection of raw materials and closely-monitored manufacturing processes<\/strong>, and especially in those industries where jellies provide added value in terms of <strong>texture, consistency, firmness, fragrance<\/strong> and options for final consumer use. Our primary focus centres on the food processing and manufacturing industries for people (cheese and dairy products, desserts and sweets) and for pets. We also make products for the diet-nutrition, cosmetics and pharmaceutical industries.<\/p>\n\n\n\n<p class=\"has-text-align-center\">Since 2021, Junc\u00e0 has come to form part of a larger family. Together with <strong>Lapi Gelatine<\/strong> and <strong>Dispro Invest<\/strong>, which are two other renowned companies in the production of gelatine and collagen, we form one of the largest groups in both Europe and the world in this sector.\u00a0<\/p>\n\n\n\n<p class=\"has-text-align-center\">Our products also have <strong>complementary<\/strong> relationships with those of our new sister companies.<\/p>\n\n\n\n<div style=\"height:60px\" aria-hidden=\"true\" class=\"wp-block-spacer\"><\/div>\n\n\n\n<p class=\"has-text-align-center\">More information about Junc\u00e0<\/p>\n\n\n\n<div class=\"wp-block-uagb-buttons uagb-buttons__outer-wrap uagb-btn__default-btn uagb-btn-tablet__default-btn uagb-btn-mobile__default-btn uagb-block-d00d3322\"><div class=\"uagb-buttons__wrap uagb-buttons-layout-wrap\">\n<div class=\"wp-block-uagb-buttons-child uagb-buttons__outer-wrap uagb-block-1673c8d0 wp-block-button is-style-outline\"><div class=\"uagb-button__wrapper\"><a class=\"uagb-buttons-repeater wp-block-button__link has-background has-text-color\" href=\"#\" onclick=\"return false;\" rel=\"follow noopener\" target=\"_self\"><div class=\"uagb-button__link\">About Us<\/div><\/a><\/div><\/div>\n<\/div><\/div>\n<\/div><\/div>\n\n\n\n<section id=\"home-boxes\" class=\"wp-block-uagb-container uagb-block-a24766b1 alignfull uagb-is-root-container\"><div class=\"uagb-container-inner-blocks-wrap\">\n<div class=\"wp-block-uagb-container uagb-block-7f25edb7\">\n<figure class=\"wp-block-image size-full\"><img decoding=\"async\" width=\"622\" height=\"348\" src=\"https:\/\/gelatinesjunca.com\/wp-content\/uploads\/2022\/11\/PRODOTTI_Thumbnail.jpg\" alt=\"\" class=\"wp-image-222\" srcset=\"https:\/\/gelatinesjunca.com\/wp-content\/uploads\/2022\/11\/PRODOTTI_Thumbnail.jpg 622w, https:\/\/gelatinesjunca.com\/wp-content\/uploads\/2022\/11\/PRODOTTI_Thumbnail-300x168.jpg 300w\" sizes=\"(max-width: 622px) 100vw, 622px\" \/><\/figure>\n\n\n\n<div class=\"wp-block-group text\"><div class=\"wp-block-group__inner-container is-layout-constrained wp-block-group-is-layout-constrained\">\n<p class=\"has-text-align-center\"><strong>Products<\/strong><\/p>\n\n\n\n<p class=\"has-text-align-center\">We offer a wide range of gelatines and collagen hydrolysates of the highest quality, together with food and pharmaceutical gelatine, and hydrolysed gelatine and dietary collagen.<\/p>\n\n\n\n<div class=\"wp-block-uagb-buttons uagb-buttons__outer-wrap uagb-btn__default-btn uagb-btn-tablet__default-btn uagb-btn-mobile__default-btn uagb-block-831a44fe\"><div class=\"uagb-buttons__wrap uagb-buttons-layout-wrap\">\n<div class=\"wp-block-uagb-buttons-child uagb-buttons__outer-wrap uagb-block-6535c86b wp-block-button is-style-outline\"><div class=\"uagb-button__wrapper\"><a class=\"uagb-buttons-repeater wp-block-button__link has-background has-text-color\" href=\"https:\/\/gelatinesjunca.com\/en\/products\/\" onclick=\"return true;\" rel=\"follow noopener\" target=\"_self\"><div class=\"uagb-button__link\">READ MORE<\/div><\/a><\/div><\/div>\n<\/div><\/div>\n<\/div><\/div>\n<\/div>\n\n\n\n<div class=\"wp-block-uagb-container uagb-block-5004e807\">\n<figure class=\"wp-block-image size-full\"><img decoding=\"async\" width=\"624\" height=\"348\" src=\"https:\/\/gelatinesjunca.com\/wp-content\/uploads\/2022\/11\/Gruppo-di-maschere-3.jpg\" alt=\"\" class=\"wp-image-226\" srcset=\"https:\/\/gelatinesjunca.com\/wp-content\/uploads\/2022\/11\/Gruppo-di-maschere-3.jpg 624w, https:\/\/gelatinesjunca.com\/wp-content\/uploads\/2022\/11\/Gruppo-di-maschere-3-300x167.jpg 300w\" sizes=\"(max-width: 624px) 100vw, 624px\" \/><\/figure>\n\n\n\n<div class=\"wp-block-group text\"><div class=\"wp-block-group__inner-container is-layout-constrained wp-block-group-is-layout-constrained\">\n<p class=\"has-text-align-center\"><strong>Applications<\/strong><\/p>\n\n\n\n<p class=\"has-text-align-center\">We offer specific gelatines for applications in multiple sectors: gastronomy, dairy products, the meat industry, beverage manufacturers and many others.<\/p>\n\n\n\n<div class=\"wp-block-uagb-buttons uagb-buttons__outer-wrap uagb-btn__default-btn uagb-btn-tablet__default-btn uagb-btn-mobile__default-btn uagb-block-88f87650\"><div class=\"uagb-buttons__wrap uagb-buttons-layout-wrap\">\n<div class=\"wp-block-uagb-buttons-child uagb-buttons__outer-wrap uagb-block-0cf7f369 wp-block-button is-style-outline\"><div class=\"uagb-button__wrapper\"><a class=\"uagb-buttons-repeater wp-block-button__link has-background has-text-color\" href=\"https:\/\/gelatinesjunca.com\/en\/applications\/\" onclick=\"return true;\" rel=\"follow noopener\" target=\"_self\"><div class=\"uagb-button__link\">READ MORE<\/div><\/a><\/div><\/div>\n<\/div><\/div>\n<\/div><\/div>\n<\/div>\n\n\n\n<div class=\"wp-block-uagb-container uagb-block-49b19448\">\n<figure class=\"wp-block-image size-full\"><img decoding=\"async\" width=\"624\" height=\"348\" src=\"https:\/\/gelatinesjunca.com\/wp-content\/uploads\/2022\/11\/Gruppo-di-maschere-1.jpg\" alt=\"\" class=\"wp-image-227\" srcset=\"https:\/\/gelatinesjunca.com\/wp-content\/uploads\/2022\/11\/Gruppo-di-maschere-1.jpg 624w, https:\/\/gelatinesjunca.com\/wp-content\/uploads\/2022\/11\/Gruppo-di-maschere-1-300x167.jpg 300w\" sizes=\"(max-width: 624px) 100vw, 624px\" \/><\/figure>\n\n\n\n<div class=\"wp-block-group text\"><div class=\"wp-block-group__inner-container is-layout-constrained wp-block-group-is-layout-constrained\">\n<p class=\"has-text-align-center\"><strong>Certified Quality<\/strong><\/p>\n\n\n\n<p class=\"has-text-align-center\">The products manufactured by Junc\u00e0 Gelatinas meet all the quality standards endorsed by the ISO 9001:2015 and FSSC 22000 certification criteria.<\/p>\n\n\n\n<div class=\"wp-block-uagb-buttons uagb-buttons__outer-wrap uagb-btn__default-btn uagb-btn-tablet__default-btn uagb-btn-mobile__default-btn uagb-block-6421e951\"><div class=\"uagb-buttons__wrap uagb-buttons-layout-wrap\">\n<div class=\"wp-block-uagb-buttons-child uagb-buttons__outer-wrap uagb-block-1d3957e1 wp-block-button is-style-outline\"><div class=\"uagb-button__wrapper\"><a class=\"uagb-buttons-repeater wp-block-button__link has-background has-text-color\" href=\"https:\/\/gelatinesjunca.com\/en\/quality\" onclick=\"return true;\" rel=\"follow noopener\" target=\"_self\"><div class=\"uagb-button__link\">READ MORE<\/div><\/a><\/div><\/div>\n<\/div><\/div>\n<\/div><\/div>\n<\/div>\n<\/div><\/section>\n\n\n\n<div id=\"home_contacts\" class=\"wp-block-uagb-container uagb-block-caebf90e alignfull uagb-is-root-container\"><div class=\"uagb-container-inner-blocks-wrap\">\n<h3 class=\"wp-block-heading has-text-color\" style=\"color:#004070;font-size:30px\"><strong>QUALITY, FLEXIBILITY AND SERVICE<\/strong><\/h3>\n\n\n\n<p class=\"has-text-color\" style=\"color:#004070\"><strong>Contact us<\/strong><\/p>\n\n\n\n<p class=\"has-text-color\" style=\"color:#777777\">Our team of young professionals works every day to search for optimum solutions based on the specific needs of each client. We offer the highest quality hydrolysed gelatine, and provide flexible terms and conditions with respect to production methods and deadlines.<\/p>\n\n\n\n<div style=\"height:20px\" aria-hidden=\"true\" class=\"wp-block-spacer\"><\/div>\n\n\n\n<div class=\"wp-block-contact-form-7-contact-form-selector\">\n<div class=\"wpcf7 no-js\" id=\"wpcf7-f473-o1\" lang=\"en-US\" dir=\"ltr\">\n<div class=\"screen-reader-response\"><p role=\"status\" aria-live=\"polite\" aria-atomic=\"true\"><\/p> <ul><\/ul><\/div>\n<form action=\"\/en\/wp-json\/wp\/v2\/pages\/475#wpcf7-f473-o1\" method=\"post\" class=\"wpcf7-form init\" aria-label=\"Contact form\" novalidate=\"novalidate\" data-status=\"init\">\n<div style=\"display: none;\">\n<input type=\"hidden\" name=\"_wpcf7\" value=\"473\" \/>\n<input type=\"hidden\" name=\"_wpcf7_version\" value=\"5.7.6\" \/>\n<input type=\"hidden\" name=\"_wpcf7_locale\" value=\"en_US\" \/>\n<input type=\"hidden\" name=\"_wpcf7_unit_tag\" value=\"wpcf7-f473-o1\" \/>\n<input type=\"hidden\" name=\"_wpcf7_container_post\" value=\"0\" \/>\n<input type=\"hidden\" name=\"_wpcf7_posted_data_hash\" value=\"\" \/>\n<input type=\"hidden\" name=\"_wpcf7_recaptcha_response\" value=\"\" \/>\n<\/div>\n<p><span class=\"wpcf7-form-control-wrap\" data-name=\"nome\"><input size=\"40\" class=\"wpcf7-form-control wpcf7-text wpcf7-validates-as-required\" aria-required=\"true\" aria-invalid=\"false\" placeholder=\"Name and lastname\" value=\"\" type=\"text\" name=\"nome\" \/><\/span><br \/>\n<span class=\"wpcf7-form-control-wrap\" data-name=\"email\"><input size=\"40\" class=\"wpcf7-form-control wpcf7-text wpcf7-email wpcf7-validates-as-required wpcf7-validates-as-email\" aria-required=\"true\" aria-invalid=\"false\" placeholder=\"E-mail\" value=\"\" type=\"email\" name=\"email\" \/><\/span><br \/>\n<span class=\"wpcf7-form-control-wrap\" data-name=\"azienda\"><input size=\"40\" class=\"wpcf7-form-control wpcf7-text wpcf7-validates-as-required\" aria-required=\"true\" aria-invalid=\"false\" placeholder=\"Company\" value=\"\" type=\"text\" name=\"azienda\" \/><\/span><br \/>\n<span class=\"wpcf7-form-control-wrap\" data-name=\"nazione\"><input size=\"40\" class=\"wpcf7-form-control wpcf7-text wpcf7-validates-as-required\" aria-required=\"true\" aria-invalid=\"false\" placeholder=\"Nation\" value=\"\" type=\"text\" name=\"nazione\" \/><\/span><br \/>\n<span class=\"wpcf7-form-control-wrap\" data-name=\"oggetto\"><input size=\"40\" class=\"wpcf7-form-control wpcf7-text wpcf7-validates-as-required\" aria-required=\"true\" aria-invalid=\"false\" placeholder=\"Subject\" value=\"\" type=\"text\" name=\"oggetto\" \/><\/span><br \/>\n<span class=\"wpcf7-form-control-wrap\" data-name=\"messaggio\"><textarea cols=\"40\" rows=\"10\" class=\"wpcf7-form-control wpcf7-textarea wpcf7-validates-as-required\" aria-required=\"true\" aria-invalid=\"false\" placeholder=\"Message\" name=\"messaggio\"><\/textarea><\/span><br \/>\n<span class=\"wpcf7-form-control-wrap\" data-name=\"acceptance-713\"><span class=\"wpcf7-form-control wpcf7-acceptance\"><span class=\"wpcf7-list-item\"><label><input type=\"checkbox\" name=\"acceptance-713\" value=\"1\" aria-invalid=\"false\" \/><span class=\"wpcf7-list-item-label\">I've read and accept the <a href=\"https:\/\/www.iubenda.com\/privacy-policy\/84040471\" target=\"_blank\" rel=\"nofollow\">Privacy Policy<\/a><\/span><\/label><\/span><\/span><\/span><br \/>\n<input class=\"wpcf7-form-control has-spinner wpcf7-submit\" type=\"submit\" value=\"Send\" \/>\n<\/p><input type='hidden' class='wpcf7-pum' value='{\"closepopup\":false,\"closedelay\":0,\"openpopup\":false,\"openpopup_id\":0}' \/><div class=\"wpcf7-response-output\" aria-hidden=\"true\"><\/div>\n<\/form>\n<\/div>\n<\/div>\n\n\n\n<div style=\"height:35px\" aria-hidden=\"true\" class=\"wp-block-spacer\"><\/div>\n\n\n\n<div class=\"wp-block-group is-nowrap is-layout-flex wp-container-core-group-is-layout-ad2f72ca wp-block-group-is-layout-flex\">\n<figure class=\"wp-block-image size-full is-resized\"><img decoding=\"async\" src=\"https:\/\/gelatinesjunca.com\/wp-content\/uploads\/2022\/11\/map-icon.png\" alt=\"\" class=\"wp-image-238\" style=\"width:40px\" width=\"40\"\/><\/figure>\n\n\n\n<p class=\"has-text-color\" style=\"color:#777777\">Google maps<\/p>\n<\/div>\n<\/div><\/div>\n","protected":false},"excerpt":{"rendered":"","protected":false},"author":1,"featured_media":0,"parent":0,"menu_order":0,"comment_status":"closed","ping_status":"closed","template":"","meta":{"_uag_custom_page_level_css":"","footnotes":""},"class_list":["post-475","page","type-page","status-publish","hentry"],"yoast_head":"<!-- This site is optimized with the Yoast SEO plugin v20.6 - https:\/\/yoast.com\/wordpress\/plugins\/seo\/ -->\n<title>Homepage - Junca<\/title>\n<meta name=\"robots\" content=\"index, follow, max-snippet:-1, max-image-preview:large, max-video-preview:-1\" \/>\n<link rel=\"canonical\" href=\"https:\/\/gelatinesjunca.com\/en\/\" \/>\n<meta property=\"og:locale\" content=\"en_US\" \/>\n<meta property=\"og:type\" content=\"article\" \/>\n<meta property=\"og:title\" content=\"Homepage - Junca\" \/>\n<meta property=\"og:url\" content=\"https:\/\/gelatinesjunca.com\/en\/\" \/>\n<meta property=\"og:site_name\" content=\"Junca\" \/>\n<meta property=\"article:modified_time\" content=\"2023-09-12T08:52:43+00:00\" \/>\n<meta property=\"og:image\" content=\"https:\/\/gelatinesjunca.com\/wp-content\/uploads\/2022\/11\/Gruppo-di-maschere-2.jpg\" \/>\n<meta name=\"twitter:card\" content=\"summary_large_image\" \/>\n<meta name=\"twitter:label1\" content=\"Est. reading time\" \/>\n\t<meta name=\"twitter:data1\" content=\"3 minutes\" \/>\n<script type=\"application\/ld+json\" class=\"yoast-schema-graph\">{\"@context\":\"https:\/\/schema.org\",\"@graph\":[{\"@type\":\"WebPage\",\"@id\":\"https:\/\/gelatinesjunca.com\/en\/\",\"url\":\"https:\/\/gelatinesjunca.com\/en\/\",\"name\":\"Homepage - Junca\",\"isPartOf\":{\"@id\":\"https:\/\/gelatinesjunca.com\/en\/#website\"},\"datePublished\":\"2022-11-22T08:47:36+00:00\",\"dateModified\":\"2023-09-12T08:52:43+00:00\",\"breadcrumb\":{\"@id\":\"https:\/\/gelatinesjunca.com\/en\/#breadcrumb\"},\"inLanguage\":\"en-US\",\"potentialAction\":[{\"@type\":\"ReadAction\",\"target\":[\"https:\/\/gelatinesjunca.com\/en\/\"]}]},{\"@type\":\"BreadcrumbList\",\"@id\":\"https:\/\/gelatinesjunca.com\/en\/#breadcrumb\",\"itemListElement\":[{\"@type\":\"ListItem\",\"position\":1,\"name\":\"Home\",\"item\":\"https:\/\/gelatinesjunca.com\/en\/\"},{\"@type\":\"ListItem\",\"position\":2,\"name\":\"Homepage\"}]},{\"@type\":\"WebSite\",\"@id\":\"https:\/\/gelatinesjunca.com\/en\/#website\",\"url\":\"https:\/\/gelatinesjunca.com\/en\/\",\"name\":\"Junca\",\"description\":\"En Junc\u00e0 Gelatines, nos enorgullece ofrecer una gelatina alimentaria de alta calidad, que cumple con los est\u00e1ndares de seguridad alimentaria y calidad m\u00e1s exigentes, vi\u00e9ndose representado en la certificaci\u00f3n FSSC 22000. \",\"potentialAction\":[{\"@type\":\"SearchAction\",\"target\":{\"@type\":\"EntryPoint\",\"urlTemplate\":\"https:\/\/gelatinesjunca.com\/en\/?s={search_term_string}\"},\"query-input\":\"required name=search_term_string\"}],\"inLanguage\":\"en-US\"}]}<\/script>\n<!-- \/ Yoast SEO plugin. -->","yoast_head_json":{"title":"Homepage - Junca","robots":{"index":"index","follow":"follow","max-snippet":"max-snippet:-1","max-image-preview":"max-image-preview:large","max-video-preview":"max-video-preview:-1"},"canonical":"https:\/\/gelatinesjunca.com\/en\/","og_locale":"en_US","og_type":"article","og_title":"Homepage - Junca","og_url":"https:\/\/gelatinesjunca.com\/en\/","og_site_name":"Junca","article_modified_time":"2023-09-12T08:52:43+00:00","og_image":[{"url":"https:\/\/gelatinesjunca.com\/wp-content\/uploads\/2022\/11\/Gruppo-di-maschere-2.jpg"}],"twitter_card":"summary_large_image","twitter_misc":{"Est. reading time":"3 minutes"},"schema":{"@context":"https:\/\/schema.org","@graph":[{"@type":"WebPage","@id":"https:\/\/gelatinesjunca.com\/en\/","url":"https:\/\/gelatinesjunca.com\/en\/","name":"Homepage - Junca","isPartOf":{"@id":"https:\/\/gelatinesjunca.com\/en\/#website"},"datePublished":"2022-11-22T08:47:36+00:00","dateModified":"2023-09-12T08:52:43+00:00","breadcrumb":{"@id":"https:\/\/gelatinesjunca.com\/en\/#breadcrumb"},"inLanguage":"en-US","potentialAction":[{"@type":"ReadAction","target":["https:\/\/gelatinesjunca.com\/en\/"]}]},{"@type":"BreadcrumbList","@id":"https:\/\/gelatinesjunca.com\/en\/#breadcrumb","itemListElement":[{"@type":"ListItem","position":1,"name":"Home","item":"https:\/\/gelatinesjunca.com\/en\/"},{"@type":"ListItem","position":2,"name":"Homepage"}]},{"@type":"WebSite","@id":"https:\/\/gelatinesjunca.com\/en\/#website","url":"https:\/\/gelatinesjunca.com\/en\/","name":"Junca","description":"En Junc\u00e0 Gelatines, nos enorgullece ofrecer una gelatina alimentaria de alta calidad, que cumple con los est\u00e1ndares de seguridad alimentaria y calidad m\u00e1s exigentes, vi\u00e9ndose representado en la certificaci\u00f3n FSSC 22000. ","potentialAction":[{"@type":"SearchAction","target":{"@type":"EntryPoint","urlTemplate":"https:\/\/gelatinesjunca.com\/en\/?s={search_term_string}"},"query-input":"required name=search_term_string"}],"inLanguage":"en-US"}]}},"uagb_featured_image_src":{"full":false,"thumbnail":false,"medium":false,"medium_large":false,"large":false,"rpg_gallery_admin_thumb":false,"rpg_gallery_thumb":false,"1536x1536":false,"2048x2048":false},"uagb_author_info":{"display_name":"admin","author_link":"https:\/\/gelatinesjunca.com\/en\/author\/admin\/"},"uagb_comment_info":0,"uagb_excerpt":null,"_links":{"self":[{"href":"https:\/\/gelatinesjunca.com\/en\/wp-json\/wp\/v2\/pages\/475","targetHints":{"allow":["GET"]}}],"collection":[{"href":"https:\/\/gelatinesjunca.com\/en\/wp-json\/wp\/v2\/pages"}],"about":[{"href":"https:\/\/gelatinesjunca.com\/en\/wp-json\/wp\/v2\/types\/page"}],"author":[{"embeddable":true,"href":"https:\/\/gelatinesjunca.com\/en\/wp-json\/wp\/v2\/users\/1"}],"replies":[{"embeddable":true,"href":"https:\/\/gelatinesjunca.com\/en\/wp-json\/wp\/v2\/comments?post=475"}],"version-history":[{"count":7,"href":"https:\/\/gelatinesjunca.com\/en\/wp-json\/wp\/v2\/pages\/475\/revisions"}],"predecessor-version":[{"id":1447,"href":"https:\/\/gelatinesjunca.com\/en\/wp-json\/wp\/v2\/pages\/475\/revisions\/1447"}],"wp:attachment":[{"href":"https:\/\/gelatinesjunca.com\/en\/wp-json\/wp\/v2\/media?parent=475"}],"curies":[{"name":"wp","href":"https:\/\/api.w.org\/{rel}","templated":true}]}}