{"id":469,"date":"2022-11-23T09:13:02","date_gmt":"2022-11-23T08:13:02","guid":{"rendered":"https:\/\/gelatinesjunca.com\/?page_id=469"},"modified":"2025-07-28T17:26:32","modified_gmt":"2025-07-28T15:26:32","slug":"quality","status":"publish","type":"page","link":"https:\/\/gelatinesjunca.com\/en\/quality\/","title":{"rendered":"Quality"},"content":{"rendered":"\n<div class=\"wp-block-uagb-container uagb-block-7bf57392 alignfull uagb-is-root-container\"><div class=\"uagb-container-inner-blocks-wrap\">\n<h1 class=\"wp-block-heading has-text-align-center\">Quality<\/h1>\n\n\n\n<hr class=\"wp-block-separator has-text-color has-alpha-channel-opacity has-background is-style-default\" style=\"background-color:#6b0f3c;color:#6b0f3c\"\/>\n\n\n\n<p class=\"has-text-align-center has-text-color\" style=\"color:#777777\">The products manufactured by Junc\u00e0 Gelatines comply with all those quality standards endorsed by the ISO 9001:2015 certification.&nbsp;<\/p>\n\n\n\n<p class=\"has-text-align-center has-text-color\" style=\"color:#777777\">Junc\u00e0 Gelatines S.L. first selects quality raw materials before processing them in accordance with current European regulations. Our manufacturing procedures have been configured to comply with the specific food legislation rulings of each country in the European Community.&nbsp;<\/p>\n\n\n\n<p class=\"has-text-align-center has-text-color\" style=\"color:#777777\">At Junc\u00e0 Gelatines, regular external and internal audits ensure that the quality system we have established is implemented in all its stages. The principal and comprehensive aim of Junc\u00e0 Gelatines is that of client satisfaction, which we ensure through a service that meets with their individual expectations.<\/p>\n\n\n\n<div style=\"height:50px\" aria-hidden=\"true\" class=\"wp-block-spacer\"><\/div>\n\n\n\n<div class=\"wp-block-uagb-container uagb-block-163e41bf\">\n<figure class=\"wp-block-gallery alignwide has-nested-images columns-default is-cropped wp-block-gallery-1 is-layout-flex wp-block-gallery-is-layout-flex\">\n<figure class=\"wp-block-image size-large\"><img decoding=\"async\" width=\"1024\" height=\"494\" data-id=\"1616\" src=\"https:\/\/gelatinesjunca.com\/wp-content\/uploads\/2025\/07\/FSSC-22000-RGB-1-1024x494.png\" alt=\"\" class=\"wp-image-1616\" srcset=\"https:\/\/gelatinesjunca.com\/wp-content\/uploads\/2025\/07\/FSSC-22000-RGB-1-1024x494.png 1024w, https:\/\/gelatinesjunca.com\/wp-content\/uploads\/2025\/07\/FSSC-22000-RGB-1-300x145.png 300w, https:\/\/gelatinesjunca.com\/wp-content\/uploads\/2025\/07\/FSSC-22000-RGB-1.png 1709w\" sizes=\"(max-width: 1024px) 100vw, 1024px\" \/><\/figure>\n\n\n\n<figure class=\"wp-block-image size-full\"><img decoding=\"async\" width=\"820\" height=\"396\" data-id=\"1628\" src=\"https:\/\/gelatinesjunca.com\/wp-content\/uploads\/2025\/07\/ISO-9001-RGB-3.png\" alt=\"\" class=\"wp-image-1628\" srcset=\"https:\/\/gelatinesjunca.com\/wp-content\/uploads\/2025\/07\/ISO-9001-RGB-3.png 820w, https:\/\/gelatinesjunca.com\/wp-content\/uploads\/2025\/07\/ISO-9001-RGB-3-300x145.png 300w\" sizes=\"(max-width: 820px) 100vw, 820px\" \/><\/figure>\n<\/figure>\n<\/div>\n<\/div><\/div>\n\n\n\n<section class=\"wp-block-uagb-container uagb-block-68ff33e2 alignfull uagb-is-root-container\"><div class=\"uagb-container-inner-blocks-wrap\">\n<div class=\"wp-block-uagb-container uagb-block-db740a10\">\n<h2 class=\"wp-block-heading h4 has-text-color\" style=\"color:#6b0f3c\"><strong><strong>Quality Control<\/strong><\/strong><\/h2>\n\n\n\n<p>The Quality Control System established in Junc\u00e0 Gelatines is based on the total monitoring of all stages in the manufacturing process, beginning with the delivery of raw materials, to the manufacture of each final product.&nbsp;<\/p>\n\n\n\n<p>Our Quality Control System comprises the registration and verification of each and every one of the operations performed in the manufacture of all the gelatine batches we produce. This procedure allows traceability to be controlled, while guaranteeing compliance with legal and individual client specifications.&nbsp;<\/p>\n\n\n\n<p>Our laboratory technicians analyse the organoleptic properties of the products, their physical-chemical characteristics and their microbiological conformity. This procedure is performed by submitting all products to a thorough and complete quality standards test.<\/p>\n\n\n\n<h2 class=\"wp-block-heading h4 has-text-color\" style=\"color:#6b0f3c\"><strong><strong>Guaranteed Safety<\/strong><\/strong><\/h2>\n\n\n\n<p>The gelatine we produce is suitable for a wide range of uses in both pharmaceutical and food applications, as it complies with specific standards on the physical, chemical and microbiological qualities that are required in the final product. Furthermore, the gelatine we produce specifically for the pharmaceutical industry is certified in compulsory procedures by the EDQM (the European Directorate for the Quality of Medicines and Health Services).<\/p>\n\n\n\n<h2 class=\"wp-block-heading h4 has-text-color\" style=\"color:#6b0f3c\"><strong><strong>Sustainable Production Processes&nbsp;<\/strong><\/strong><\/h2>\n\n\n\n<p>Sustainability in production is an important point in all the processes that we put into effect. Our concerns lie with the areas of both ecological and economic sustainability. We use raw materials from verified sources that place us within a circular economy.<\/p>\n\n\n\n<h2 class=\"wp-block-heading h4 has-text-color\" style=\"color:#6b0f3c\"><strong><strong>The Circular Economy<\/strong><\/strong><\/h2>\n\n\n\n<p>The raw materials we use to produce our gelatine are sourced from specific by-products from the meat industry, and as such, natural and renewable resources. This is explains why our supply chain fits perfectly into the concept of the circular economy, where nothing is thrown away.&nbsp;<\/p>\n\n\n\n<p>Within the value chain of downstream industries, gelatine production creates value for the entire community, by converting otherwise unwanted by-products into higher-value protein products. In a single stroke, this production process reduces environmental impact and improves both the social and the economic dimension of this industry. Gelatine is therefore a product with a positive impact on global sustainability and is part of the circular economy.<\/p>\n<\/div>\n\n\n\n<div class=\"wp-block-uagb-container uagb-block-be401fe5\"><\/div>\n<\/div><\/section>\n","protected":false},"excerpt":{"rendered":"","protected":false},"author":1,"featured_media":0,"parent":0,"menu_order":0,"comment_status":"closed","ping_status":"closed","template":"","meta":{"_uag_custom_page_level_css":"","footnotes":""},"class_list":["post-469","page","type-page","status-publish","hentry"],"yoast_head":"<!-- This site is optimized with the Yoast SEO plugin v20.6 - https:\/\/yoast.com\/wordpress\/plugins\/seo\/ -->\n<title>Quality - Junca<\/title>\n<meta name=\"robots\" content=\"index, follow, max-snippet:-1, max-image-preview:large, max-video-preview:-1\" \/>\n<link rel=\"canonical\" href=\"https:\/\/gelatinesjunca.com\/en\/quality\/\" \/>\n<meta property=\"og:locale\" content=\"en_US\" \/>\n<meta property=\"og:type\" content=\"article\" \/>\n<meta property=\"og:title\" content=\"Quality - Junca\" \/>\n<meta property=\"og:url\" content=\"https:\/\/gelatinesjunca.com\/en\/quality\/\" \/>\n<meta property=\"og:site_name\" content=\"Junca\" \/>\n<meta property=\"article:modified_time\" content=\"2025-07-28T15:26:32+00:00\" \/>\n<meta property=\"og:image\" content=\"https:\/\/gelatinesjunca.com\/wp-content\/uploads\/2025\/07\/FSSC-22000-RGB-1-1024x494.png\" \/>\n<meta name=\"twitter:card\" content=\"summary_large_image\" \/>\n<meta name=\"twitter:label1\" content=\"Est. reading time\" \/>\n\t<meta name=\"twitter:data1\" content=\"3 minutes\" \/>\n<script type=\"application\/ld+json\" class=\"yoast-schema-graph\">{\"@context\":\"https:\/\/schema.org\",\"@graph\":[{\"@type\":\"WebPage\",\"@id\":\"https:\/\/gelatinesjunca.com\/en\/quality\/\",\"url\":\"https:\/\/gelatinesjunca.com\/en\/quality\/\",\"name\":\"Quality - Junca\",\"isPartOf\":{\"@id\":\"https:\/\/gelatinesjunca.com\/en\/#website\"},\"datePublished\":\"2022-11-23T08:13:02+00:00\",\"dateModified\":\"2025-07-28T15:26:32+00:00\",\"breadcrumb\":{\"@id\":\"https:\/\/gelatinesjunca.com\/en\/quality\/#breadcrumb\"},\"inLanguage\":\"en-US\",\"potentialAction\":[{\"@type\":\"ReadAction\",\"target\":[\"https:\/\/gelatinesjunca.com\/en\/quality\/\"]}]},{\"@type\":\"BreadcrumbList\",\"@id\":\"https:\/\/gelatinesjunca.com\/en\/quality\/#breadcrumb\",\"itemListElement\":[{\"@type\":\"ListItem\",\"position\":1,\"name\":\"Home\",\"item\":\"https:\/\/gelatinesjunca.com\/en\/\"},{\"@type\":\"ListItem\",\"position\":2,\"name\":\"Quality\"}]},{\"@type\":\"WebSite\",\"@id\":\"https:\/\/gelatinesjunca.com\/en\/#website\",\"url\":\"https:\/\/gelatinesjunca.com\/en\/\",\"name\":\"Junca\",\"description\":\"En Junc\u00e0 Gelatines, nos enorgullece ofrecer una gelatina alimentaria de alta calidad, que cumple con los est\u00e1ndares de seguridad alimentaria y calidad m\u00e1s exigentes, vi\u00e9ndose representado en la certificaci\u00f3n FSSC 22000. \",\"potentialAction\":[{\"@type\":\"SearchAction\",\"target\":{\"@type\":\"EntryPoint\",\"urlTemplate\":\"https:\/\/gelatinesjunca.com\/en\/?s={search_term_string}\"},\"query-input\":\"required name=search_term_string\"}],\"inLanguage\":\"en-US\"}]}<\/script>\n<!-- \/ Yoast SEO plugin. -->","yoast_head_json":{"title":"Quality - Junca","robots":{"index":"index","follow":"follow","max-snippet":"max-snippet:-1","max-image-preview":"max-image-preview:large","max-video-preview":"max-video-preview:-1"},"canonical":"https:\/\/gelatinesjunca.com\/en\/quality\/","og_locale":"en_US","og_type":"article","og_title":"Quality - Junca","og_url":"https:\/\/gelatinesjunca.com\/en\/quality\/","og_site_name":"Junca","article_modified_time":"2025-07-28T15:26:32+00:00","og_image":[{"url":"https:\/\/gelatinesjunca.com\/wp-content\/uploads\/2025\/07\/FSSC-22000-RGB-1-1024x494.png"}],"twitter_card":"summary_large_image","twitter_misc":{"Est. reading time":"3 minutes"},"schema":{"@context":"https:\/\/schema.org","@graph":[{"@type":"WebPage","@id":"https:\/\/gelatinesjunca.com\/en\/quality\/","url":"https:\/\/gelatinesjunca.com\/en\/quality\/","name":"Quality - Junca","isPartOf":{"@id":"https:\/\/gelatinesjunca.com\/en\/#website"},"datePublished":"2022-11-23T08:13:02+00:00","dateModified":"2025-07-28T15:26:32+00:00","breadcrumb":{"@id":"https:\/\/gelatinesjunca.com\/en\/quality\/#breadcrumb"},"inLanguage":"en-US","potentialAction":[{"@type":"ReadAction","target":["https:\/\/gelatinesjunca.com\/en\/quality\/"]}]},{"@type":"BreadcrumbList","@id":"https:\/\/gelatinesjunca.com\/en\/quality\/#breadcrumb","itemListElement":[{"@type":"ListItem","position":1,"name":"Home","item":"https:\/\/gelatinesjunca.com\/en\/"},{"@type":"ListItem","position":2,"name":"Quality"}]},{"@type":"WebSite","@id":"https:\/\/gelatinesjunca.com\/en\/#website","url":"https:\/\/gelatinesjunca.com\/en\/","name":"Junca","description":"En Junc\u00e0 Gelatines, nos enorgullece ofrecer una gelatina alimentaria de alta calidad, que cumple con los est\u00e1ndares de seguridad alimentaria y calidad m\u00e1s exigentes, vi\u00e9ndose representado en la certificaci\u00f3n FSSC 22000. ","potentialAction":[{"@type":"SearchAction","target":{"@type":"EntryPoint","urlTemplate":"https:\/\/gelatinesjunca.com\/en\/?s={search_term_string}"},"query-input":"required name=search_term_string"}],"inLanguage":"en-US"}]}},"uagb_featured_image_src":{"full":false,"thumbnail":false,"medium":false,"medium_large":false,"large":false,"rpg_gallery_admin_thumb":false,"rpg_gallery_thumb":false,"1536x1536":false,"2048x2048":false},"uagb_author_info":{"display_name":"admin","author_link":"https:\/\/gelatinesjunca.com\/en\/author\/admin\/"},"uagb_comment_info":0,"uagb_excerpt":null,"_links":{"self":[{"href":"https:\/\/gelatinesjunca.com\/en\/wp-json\/wp\/v2\/pages\/469","targetHints":{"allow":["GET"]}}],"collection":[{"href":"https:\/\/gelatinesjunca.com\/en\/wp-json\/wp\/v2\/pages"}],"about":[{"href":"https:\/\/gelatinesjunca.com\/en\/wp-json\/wp\/v2\/types\/page"}],"author":[{"embeddable":true,"href":"https:\/\/gelatinesjunca.com\/en\/wp-json\/wp\/v2\/users\/1"}],"replies":[{"embeddable":true,"href":"https:\/\/gelatinesjunca.com\/en\/wp-json\/wp\/v2\/comments?post=469"}],"version-history":[{"count":5,"href":"https:\/\/gelatinesjunca.com\/en\/wp-json\/wp\/v2\/pages\/469\/revisions"}],"predecessor-version":[{"id":1630,"href":"https:\/\/gelatinesjunca.com\/en\/wp-json\/wp\/v2\/pages\/469\/revisions\/1630"}],"wp:attachment":[{"href":"https:\/\/gelatinesjunca.com\/en\/wp-json\/wp\/v2\/media?parent=469"}],"curies":[{"name":"wp","href":"https:\/\/api.w.org\/{rel}","templated":true}]}}