{"id":465,"date":"2022-11-22T10:52:21","date_gmt":"2022-11-22T09:52:21","guid":{"rendered":"https:\/\/gelatinesjunca.com\/?page_id=465"},"modified":"2024-01-10T09:54:57","modified_gmt":"2024-01-10T08:54:57","slug":"about-us","status":"publish","type":"page","link":"https:\/\/gelatinesjunca.com\/en\/about-us\/","title":{"rendered":"About us"},"content":{"rendered":"\n<section id=\"top_image\" class=\"wp-block-uagb-container uagb-block-92d7c98d alignfull uagb-is-root-container\">\n<figure class=\"wp-block-image size-full\"><img decoding=\"async\" width=\"2000\" height=\"1088\" src=\"https:\/\/gelatinesjunca.com\/wp-content\/uploads\/2022\/11\/Junca_Famiglia.jpg\" alt=\"\" class=\"wp-image-447\" srcset=\"https:\/\/gelatinesjunca.com\/wp-content\/uploads\/2022\/11\/Junca_Famiglia.jpg 2000w, https:\/\/gelatinesjunca.com\/wp-content\/uploads\/2022\/11\/Junca_Famiglia-300x163.jpg 300w, https:\/\/gelatinesjunca.com\/wp-content\/uploads\/2022\/11\/Junca_Famiglia-1024x557.jpg 1024w\" sizes=\"(max-width: 2000px) 100vw, 2000px\" \/><\/figure>\n<\/section>\n\n\n\n<section class=\"wp-block-uagb-container uagb-block-b7a24be2 alignfull uagb-is-root-container\"><div class=\"uagb-container-inner-blocks-wrap\">\n<h1 class=\"wp-block-heading has-text-align-center\"><strong>Over 50 years of history alongside food and pharmaceutical industry&nbsp;<\/strong><\/h1>\n\n\n\n<hr class=\"wp-block-separator has-alpha-channel-opacity is-style-default\"\/>\n\n\n\n<p class=\"has-text-align-center\">During the 50 year production history of Junc\u00e0 Gelatines we have been developing and optimizing our manufacturing technology and increasing quality standards. We listen to our clients to find out what they need and offer solutions with a direct impact on production processes in the food, pharmaceutical and cosmetic industries.<\/p>\n\n\n\n<div style=\"height:50px\" aria-hidden=\"true\" class=\"wp-block-spacer\"><\/div>\n\n\n<div class=\"wp-block-image rounded\">\n<figure class=\"aligncenter size-large is-resized\"><img decoding=\"async\" width=\"1024\" height=\"576\" src=\"https:\/\/gelatinesjunca.com\/wp-content\/uploads\/2022\/11\/Gruppo-di-maschere-5-1024x576.jpg\" alt=\"\" class=\"wp-image-26\" style=\"width:600px\" srcset=\"https:\/\/gelatinesjunca.com\/wp-content\/uploads\/2022\/11\/Gruppo-di-maschere-5-1024x576.jpg 1024w, https:\/\/gelatinesjunca.com\/wp-content\/uploads\/2022\/11\/Gruppo-di-maschere-5-300x169.jpg 300w, https:\/\/gelatinesjunca.com\/wp-content\/uploads\/2022\/11\/Gruppo-di-maschere-5.jpg 1200w\" sizes=\"(max-width: 1024px) 100vw, 1024px\" \/><\/figure>\n<\/div><\/div><\/section>\n\n\n\n<section class=\"wp-block-uagb-container uagb-block-96c96d55 alignfull uagb-is-root-container\"><div class=\"uagb-container-inner-blocks-wrap\">\n<h2 class=\"wp-block-heading has-text-align-center has-text-color\" style=\"color:#6b0f3c\"><strong>Quality, Flexibility and Service<\/strong><\/h2>\n\n\n\n<hr class=\"wp-block-separator has-text-color has-alpha-channel-opacity has-background is-style-default\" style=\"background-color:#6b0f3c;color:#6b0f3c\"\/>\n\n\n\n<p class=\"has-text-align-center\">Junc\u00e0 Gelatine is proud of its close-knit team, one that combines the experience of staff who have been with the company over time with new members whose ingenuity opens the way to updating our products and processes to the needs of new generations and new clients. This means guaranteed services and products for all our customers. Our team of young professionals works to produce the finest hydrolysed collagen. We seek to meet the needs of our customers by offering high quality, flexibility and service.<\/p>\n\n\n\n<div style=\"height:50px\" aria-hidden=\"true\" class=\"wp-block-spacer\"><\/div>\n\n\n<div class=\"wp-block-image rounded\">\n<figure class=\"aligncenter size-large is-resized\"><img decoding=\"async\" width=\"1024\" height=\"585\" src=\"https:\/\/gelatinesjunca.com\/wp-content\/uploads\/2022\/11\/Gruppo-di-maschere-21-1024x585.jpg\" alt=\"\" class=\"wp-image-29\" style=\"width:600px\" srcset=\"https:\/\/gelatinesjunca.com\/wp-content\/uploads\/2022\/11\/Gruppo-di-maschere-21-1024x585.jpg 1024w, https:\/\/gelatinesjunca.com\/wp-content\/uploads\/2022\/11\/Gruppo-di-maschere-21-300x172.jpg 300w, https:\/\/gelatinesjunca.com\/wp-content\/uploads\/2022\/11\/Gruppo-di-maschere-21.jpg 1200w\" sizes=\"(max-width: 1024px) 100vw, 1024px\" \/><\/figure>\n<\/div><\/div><\/section>\n\n\n\n<section class=\"wp-block-uagb-container uagb-block-fb521c97 alignfull uagb-is-root-container\"><div class=\"uagb-container-inner-blocks-wrap\">\n<h2 class=\"wp-block-heading has-text-align-center\"><strong>The finest quality raw material for hydrolysed collagen&nbsp;<\/strong><\/h2>\n\n\n\n<hr class=\"wp-block-separator has-alpha-channel-opacity is-style-default\"\/>\n\n\n\n<p class=\"has-text-align-center\">We invest in the best raw materials available to produce hydrolysed collagen.<\/p>\n\n\n\n<div style=\"height:50px\" aria-hidden=\"true\" class=\"wp-block-spacer\"><\/div>\n\n\n<div class=\"wp-block-image rounded\">\n<figure class=\"aligncenter size-large is-resized\"><img decoding=\"async\" width=\"1024\" height=\"576\" src=\"https:\/\/gelatinesjunca.com\/wp-content\/uploads\/2022\/11\/Gruppo-di-maschere-6-1024x576.jpg\" alt=\"\" class=\"wp-image-28\" style=\"width:600px\" srcset=\"https:\/\/gelatinesjunca.com\/wp-content\/uploads\/2022\/11\/Gruppo-di-maschere-6-1024x576.jpg 1024w, https:\/\/gelatinesjunca.com\/wp-content\/uploads\/2022\/11\/Gruppo-di-maschere-6-300x169.jpg 300w, https:\/\/gelatinesjunca.com\/wp-content\/uploads\/2022\/11\/Gruppo-di-maschere-6.jpg 1200w\" sizes=\"(max-width: 1024px) 100vw, 1024px\" \/><\/figure>\n<\/div><\/div><\/section>\n\n\n\n<section class=\"wp-block-uagb-container uagb-block-fa7df2ee alignfull uagb-is-root-container\"><div class=\"uagb-container-inner-blocks-wrap\">\n<div id=\"nuestra-estrategia-empresarial\" class=\"wp-block-uagb-container uagb-block-902fc925\">\n<h3 class=\"wp-block-heading\"><strong>Our Business Strategy<\/strong><\/h3>\n\n\n\n<ul class=\"wp-block-list\">\n<li>Sustainable growth from profit reinvestment&nbsp;<\/li>\n\n\n\n<li>Consolidation and expansion in our main manufacturing gelatine and collagen hydrolysates activities&nbsp;<\/li>\n\n\n\n<li>Comprehensive improvement of all products and services&nbsp;<\/li>\n\n\n\n<li>Commitment to diversification and innovation through development and research&nbsp;<\/li>\n\n\n\n<li>Tailor-made products&nbsp;<\/li>\n\n\n\n<li>Flexibility in service<\/li>\n<\/ul>\n<\/div>\n<\/div><\/section>\n\n\n\n<section id=\"tres-realidades-complementarias-container\" class=\"wp-block-uagb-container uagb-block-aca2850a alignfull uagb-is-root-container\"><div class=\"uagb-container-inner-blocks-wrap\">\n<div id=\"tres-realidades-complementarias\" class=\"wp-block-uagb-container uagb-block-73709000\">\n<h3 class=\"wp-block-heading\"><strong>A Synergy of Three: Junc\u00e0, Lapi Gelatine and Dispro Invest<\/strong><\/h3>\n\n\n\n<p>In 2021, Gelatinas Junc\u00e0 became a sister company of Lapi Gelatine Spa and Dispro Invest. The three companies not only share an important history in the manufacture and distribution of gelatine and collagen, they also possess the same values in terms of high quality and safety standards for their 100% European products.\u00a0<\/p>\n\n\n\n<p>Lapi Gelatine, which is based in Tuscany, Italy, manufactures and sells a full range of bovine and fish gelatine, in addition to collagen peptides. The company has an extensive distribution network, and is active in 52 countries worldwide.&nbsp;<\/p>\n\n\n\n<p>Dispro Invest is a modern and dynamic family-owned holding of companies present in 4 continents with 20 facilities all over the world. The holding is not only focused on the manufacture and distribution of Life Science products, but also invests in real estate and startups with a clear focus on innovation &amp; technology.<\/p>\n<\/div>\n<\/div><\/section>\n\n\n\n<section id=\"nuestra-historia\" class=\"wp-block-uagb-container uagb-block-645dbf40 alignfull uagb-is-root-container\"><div class=\"uagb-container-inner-blocks-wrap\">\n<div class=\"wp-block-uagb-container uagb-block-18b48012\">\n<h3 class=\"wp-block-heading has-text-color\" style=\"color:#00325d\"><strong>Our Story<\/strong><\/h3>\n\n\n\n<p>The history of Junc\u00e0 Gelatines is a story of effort, determination and teamwork, it is the history of pioneering gelatine manufacturers in Spain.&nbsp;<\/p>\n\n\n\n<p>The company was created by the <strong>brothers Salvador, Enric and Josep Junc\u00e0 in 1947<\/strong>, who saw the future of manufacturing food products sourced from animal collagen.&nbsp;<\/p>\n\n\n\n<p><strong>During the 1950s<\/strong>, Junc\u00e0 Gelatines entered the food gelatine market with products of sheep and bovine origin.&nbsp;<\/p>\n\n\n\n<p><strong>In the 1960s<\/strong>, Junc\u00e0 Gelatines swiftly grew to become the second-largest gelatine production factory in Spain.&nbsp;<\/p>\n\n\n\n<p><strong>During the 1980s<\/strong>, Junc\u00e0 Gelatines began using pig hide among its raw materials for gelatine production. The company also began to manufacture collagen hydrolysate at this time, which was a new natural ingredient in the food industry.<\/p>\n\n\n\n<p><strong>During the 1990s<\/strong>, Mariona Junc\u00e0, Salvador Junc\u00e0 and Miquel Junc\u00e0 gradually took control of company management. During this decade the company launched its commitment to innovation. New materials were studied and introduced in order to diversify the product range, and a new focus emerged, centring on marine origin ingredients: fish gelatine, fish hydrolysates and fish extracts.&nbsp;<\/p>\n\n\n\n<p>This era also saw the emergence of the company\u2019s internationalization process, especially at a European level. Products were successfully marketed to leading confectionery manufacturers, as well as other sectors in the food industry.&nbsp;<\/p>\n\n\n\n<p><strong>At the dawn of the century<\/strong>, Junc\u00e0 Gelatines modernised and optimised their manufacturing system in order to meet the environmental criteria of the LIFE project.<\/p>\n\n\n\n<p><strong>In 2005<\/strong>, Junc\u00e0 Gelatines signed an agreement with the FDG Group with the aim of developing new dietary supplements with high added value.&nbsp;<\/p>\n\n\n\n<p>This initiative led to the creation of a new range of collagen hydrolysates, which were specially designed for dietary applications \u2013 Protesol D.&nbsp;<\/p>\n\n\n\n<p>The collagen hydrolysates manufactured by Junc\u00e0 Gelatines have high levels of purity, and their daily consumption has numerous health benefits.&nbsp;<\/p>\n\n\n\n<p><strong>In 2021<\/strong>, Junc\u00e0 was acquired by Lapi Gelatine and Dispro Invest, in a move that created a European hub for both gelatine and hydrolysed collagen products.\u00a0<\/p>\n\n\n\n<p>Today, Junc\u00e0 Gelatines continues to focus its efforts on obtaining higher yields, improving productivity and perfecting the quality of its products.&nbsp;<\/p>\n\n\n\n<p>Client satisfaction remains the main business objective at Junc\u00e0 Gelatines; this is a high-value priority that ensures company success and a long-term future.<\/p>\n<\/div>\n<\/div><\/section>\n","protected":false},"excerpt":{"rendered":"","protected":false},"author":1,"featured_media":0,"parent":0,"menu_order":0,"comment_status":"closed","ping_status":"closed","template":"","meta":{"_uag_custom_page_level_css":"","footnotes":""},"class_list":["post-465","page","type-page","status-publish","hentry"],"yoast_head":"<!-- This site is optimized with the Yoast SEO plugin v20.6 - https:\/\/yoast.com\/wordpress\/plugins\/seo\/ -->\n<title>About us - Junca<\/title>\n<meta name=\"robots\" content=\"index, follow, max-snippet:-1, max-image-preview:large, max-video-preview:-1\" \/>\n<link rel=\"canonical\" href=\"https:\/\/gelatinesjunca.com\/en\/about-us\/\" \/>\n<meta property=\"og:locale\" content=\"en_US\" \/>\n<meta property=\"og:type\" content=\"article\" \/>\n<meta property=\"og:title\" content=\"About us - Junca\" \/>\n<meta property=\"og:url\" content=\"https:\/\/gelatinesjunca.com\/en\/about-us\/\" \/>\n<meta property=\"og:site_name\" content=\"Junca\" \/>\n<meta property=\"article:modified_time\" content=\"2024-01-10T08:54:57+00:00\" \/>\n<meta property=\"og:image\" content=\"https:\/\/gelatinesjunca.com\/wp-content\/uploads\/2022\/11\/Junca_Famiglia.jpg\" \/>\n<meta name=\"twitter:card\" content=\"summary_large_image\" \/>\n<meta name=\"twitter:label1\" content=\"Est. reading time\" \/>\n\t<meta name=\"twitter:data1\" content=\"5 minutes\" \/>\n<script type=\"application\/ld+json\" class=\"yoast-schema-graph\">{\"@context\":\"https:\/\/schema.org\",\"@graph\":[{\"@type\":\"WebPage\",\"@id\":\"https:\/\/gelatinesjunca.com\/en\/about-us\/\",\"url\":\"https:\/\/gelatinesjunca.com\/en\/about-us\/\",\"name\":\"About us - Junca\",\"isPartOf\":{\"@id\":\"https:\/\/gelatinesjunca.com\/en\/#website\"},\"datePublished\":\"2022-11-22T09:52:21+00:00\",\"dateModified\":\"2024-01-10T08:54:57+00:00\",\"breadcrumb\":{\"@id\":\"https:\/\/gelatinesjunca.com\/en\/about-us\/#breadcrumb\"},\"inLanguage\":\"en-US\",\"potentialAction\":[{\"@type\":\"ReadAction\",\"target\":[\"https:\/\/gelatinesjunca.com\/en\/about-us\/\"]}]},{\"@type\":\"BreadcrumbList\",\"@id\":\"https:\/\/gelatinesjunca.com\/en\/about-us\/#breadcrumb\",\"itemListElement\":[{\"@type\":\"ListItem\",\"position\":1,\"name\":\"Home\",\"item\":\"https:\/\/gelatinesjunca.com\/en\/\"},{\"@type\":\"ListItem\",\"position\":2,\"name\":\"About us\"}]},{\"@type\":\"WebSite\",\"@id\":\"https:\/\/gelatinesjunca.com\/en\/#website\",\"url\":\"https:\/\/gelatinesjunca.com\/en\/\",\"name\":\"Junca\",\"description\":\"En Junc\u00e0 Gelatines, nos enorgullece ofrecer una gelatina alimentaria de alta calidad, que cumple con los est\u00e1ndares de seguridad alimentaria y calidad m\u00e1s exigentes, vi\u00e9ndose representado en la certificaci\u00f3n FSSC 22000. \",\"potentialAction\":[{\"@type\":\"SearchAction\",\"target\":{\"@type\":\"EntryPoint\",\"urlTemplate\":\"https:\/\/gelatinesjunca.com\/en\/?s={search_term_string}\"},\"query-input\":\"required name=search_term_string\"}],\"inLanguage\":\"en-US\"}]}<\/script>\n<!-- \/ Yoast SEO plugin. -->","yoast_head_json":{"title":"About us - Junca","robots":{"index":"index","follow":"follow","max-snippet":"max-snippet:-1","max-image-preview":"max-image-preview:large","max-video-preview":"max-video-preview:-1"},"canonical":"https:\/\/gelatinesjunca.com\/en\/about-us\/","og_locale":"en_US","og_type":"article","og_title":"About us - Junca","og_url":"https:\/\/gelatinesjunca.com\/en\/about-us\/","og_site_name":"Junca","article_modified_time":"2024-01-10T08:54:57+00:00","og_image":[{"url":"https:\/\/gelatinesjunca.com\/wp-content\/uploads\/2022\/11\/Junca_Famiglia.jpg"}],"twitter_card":"summary_large_image","twitter_misc":{"Est. reading time":"5 minutes"},"schema":{"@context":"https:\/\/schema.org","@graph":[{"@type":"WebPage","@id":"https:\/\/gelatinesjunca.com\/en\/about-us\/","url":"https:\/\/gelatinesjunca.com\/en\/about-us\/","name":"About us - Junca","isPartOf":{"@id":"https:\/\/gelatinesjunca.com\/en\/#website"},"datePublished":"2022-11-22T09:52:21+00:00","dateModified":"2024-01-10T08:54:57+00:00","breadcrumb":{"@id":"https:\/\/gelatinesjunca.com\/en\/about-us\/#breadcrumb"},"inLanguage":"en-US","potentialAction":[{"@type":"ReadAction","target":["https:\/\/gelatinesjunca.com\/en\/about-us\/"]}]},{"@type":"BreadcrumbList","@id":"https:\/\/gelatinesjunca.com\/en\/about-us\/#breadcrumb","itemListElement":[{"@type":"ListItem","position":1,"name":"Home","item":"https:\/\/gelatinesjunca.com\/en\/"},{"@type":"ListItem","position":2,"name":"About us"}]},{"@type":"WebSite","@id":"https:\/\/gelatinesjunca.com\/en\/#website","url":"https:\/\/gelatinesjunca.com\/en\/","name":"Junca","description":"En Junc\u00e0 Gelatines, nos enorgullece ofrecer una gelatina alimentaria de alta calidad, que cumple con los est\u00e1ndares de seguridad alimentaria y calidad m\u00e1s exigentes, vi\u00e9ndose representado en la certificaci\u00f3n FSSC 22000. ","potentialAction":[{"@type":"SearchAction","target":{"@type":"EntryPoint","urlTemplate":"https:\/\/gelatinesjunca.com\/en\/?s={search_term_string}"},"query-input":"required name=search_term_string"}],"inLanguage":"en-US"}]}},"uagb_featured_image_src":{"full":false,"thumbnail":false,"medium":false,"medium_large":false,"large":false,"rpg_gallery_admin_thumb":false,"rpg_gallery_thumb":false,"1536x1536":false,"2048x2048":false},"uagb_author_info":{"display_name":"admin","author_link":"https:\/\/gelatinesjunca.com\/en\/author\/admin\/"},"uagb_comment_info":0,"uagb_excerpt":null,"_links":{"self":[{"href":"https:\/\/gelatinesjunca.com\/en\/wp-json\/wp\/v2\/pages\/465","targetHints":{"allow":["GET"]}}],"collection":[{"href":"https:\/\/gelatinesjunca.com\/en\/wp-json\/wp\/v2\/pages"}],"about":[{"href":"https:\/\/gelatinesjunca.com\/en\/wp-json\/wp\/v2\/types\/page"}],"author":[{"embeddable":true,"href":"https:\/\/gelatinesjunca.com\/en\/wp-json\/wp\/v2\/users\/1"}],"replies":[{"embeddable":true,"href":"https:\/\/gelatinesjunca.com\/en\/wp-json\/wp\/v2\/comments?post=465"}],"version-history":[{"count":3,"href":"https:\/\/gelatinesjunca.com\/en\/wp-json\/wp\/v2\/pages\/465\/revisions"}],"predecessor-version":[{"id":1537,"href":"https:\/\/gelatinesjunca.com\/en\/wp-json\/wp\/v2\/pages\/465\/revisions\/1537"}],"wp:attachment":[{"href":"https:\/\/gelatinesjunca.com\/en\/wp-json\/wp\/v2\/media?parent=465"}],"curies":[{"name":"wp","href":"https:\/\/api.w.org\/{rel}","templated":true}]}}