{"id":460,"date":"2022-11-22T14:36:26","date_gmt":"2022-11-22T13:36:26","guid":{"rendered":"https:\/\/gelatinesjunca.com\/?page_id=460"},"modified":"2023-05-26T14:48:09","modified_gmt":"2023-05-26T12:48:09","slug":"products","status":"publish","type":"page","link":"https:\/\/gelatinesjunca.com\/en\/products\/","title":{"rendered":"Products"},"content":{"rendered":"\n<div class=\"wp-block-uagb-container uagb-block-119b2063 alignfull uagb-is-root-container\"><div class=\"uagb-container-inner-blocks-wrap\">\n<h1 class=\"wp-block-heading has-text-align-center has-text-color\" style=\"color:#6b0f3c\">Products<\/h1>\n\n\n\n<hr class=\"wp-block-separator has-text-color has-alpha-channel-opacity has-background is-style-default\" style=\"background-color:#6b0f3c;color:#6b0f3c\"\/>\n\n\n\n<p class=\"has-text-align-center\">At Junc\u00e0 Gelatines we currently offer a wide range of gelatines and collagen hydrolysates.&nbsp;<\/p>\n\n\n\n<p class=\"has-text-align-center\">Detailed below are the different sectors that we supply. For more information, feel free to contact our Sales Department: <a href=\"mailto:comercial@gelatinesjunca.com\"><strong>comercial@gelatinesjunca.com<\/strong><\/a><\/p>\n<\/div><\/div>\n\n\n\n<section class=\"wp-block-uagb-container buttons uagb-block-ddc3fc61 alignfull uagb-is-root-container\"><div class=\"uagb-container-inner-blocks-wrap\">\n<a class=\"wp-block-uagb-container uagb-block-2970d539\" rel=\"noopener\" href=\"https:\/\/gelatinesjunca.com\/en\/food-gelatine\/\">\n<p class=\"has-text-align-center\">FOOD GELATINE<\/p>\n<\/a>\n\n\n\n<a class=\"wp-block-uagb-container uagb-block-c24fd699\" rel=\"noopener\" href=\"https:\/\/gelatinesjunca.com\/en\/pharmaceutical-gelatine\/\">\n<p class=\"has-text-align-center\">PHARMACEUTICAL GELATINE<\/p>\n<\/a>\n<\/div><\/section>\n\n\n\n<section class=\"wp-block-uagb-container buttons uagb-block-2701c8cd alignfull uagb-is-root-container\"><div class=\"uagb-container-inner-blocks-wrap\">\n<a class=\"wp-block-uagb-container uagb-block-4caeb6a0\" rel=\"noopener\" href=\"https:\/\/gelatinesjunca.com\/en\/protesol-f\/\"><div class=\"wp-block-image\">\n<figure class=\"aligncenter size-full\"><img decoding=\"async\" width=\"543\" height=\"80\" src=\"https:\/\/gelatinesjunca.com\/wp-content\/uploads\/2022\/11\/Raggruppa-154395.png\" alt=\"\" class=\"wp-image-104\" srcset=\"https:\/\/gelatinesjunca.com\/wp-content\/uploads\/2022\/11\/Raggruppa-154395.png 543w, https:\/\/gelatinesjunca.com\/wp-content\/uploads\/2022\/11\/Raggruppa-154395-300x44.png 300w\" sizes=\"(max-width: 543px) 100vw, 543px\" \/><\/figure>\n<\/div>\n\n\n<p class=\"has-text-align-center\">HYDROLYSED FOOD GELATIN<\/p>\n<\/a>\n\n\n\n<a class=\"wp-block-uagb-container uagb-block-9f2988c8\" rel=\"noopener\" href=\"https:\/\/gelatinesjunca.com\/en\/protesol-d\/\"><div class=\"wp-block-image\">\n<figure class=\"aligncenter size-full\"><img decoding=\"async\" width=\"556\" height=\"81\" src=\"https:\/\/gelatinesjunca.com\/wp-content\/uploads\/2022\/11\/Raggruppa-154396.png\" alt=\"\" class=\"wp-image-105\" srcset=\"https:\/\/gelatinesjunca.com\/wp-content\/uploads\/2022\/11\/Raggruppa-154396.png 556w, https:\/\/gelatinesjunca.com\/wp-content\/uploads\/2022\/11\/Raggruppa-154396-300x44.png 300w\" sizes=\"(max-width: 556px) 100vw, 556px\" \/><\/figure>\n<\/div>\n\n\n<p class=\"has-text-align-center\">HYDROLYSED DIETARY COLLAGEN<\/p>\n<\/a>\n<\/div><\/section>\n\n\n\n<div id=\"propiedades-gelatina\" class=\"wp-block-uagb-container uagb-block-9c58e970 alignfull uagb-is-root-container\"><div class=\"uagb-container-inner-blocks-wrap\">\n<div class=\"wp-block-uagb-container uagb-block-489132af alignfull uagb-is-root-container\"><div class=\"uagb-container-inner-blocks-wrap\">\n<div class=\"wp-block-group is-vertical is-layout-flex wp-container-core-group-is-layout-8cf370e7 wp-block-group-is-layout-flex\">\n<div class=\"wp-block-cover is-light\" style=\"min-height:350px;aspect-ratio:unset;\"><span aria-hidden=\"true\" class=\"wp-block-cover__background has-background-dim-0 has-background-dim\"><\/span><img decoding=\"async\" width=\"1080\" height=\"1080\" class=\"wp-block-cover__image-background wp-image-1321\" alt=\"\" src=\"https:\/\/gelatinesjunca.com\/wp-content\/uploads\/2023\/05\/Diseno-sin-titulo-3.png\" data-object-fit=\"cover\" srcset=\"https:\/\/gelatinesjunca.com\/wp-content\/uploads\/2023\/05\/Diseno-sin-titulo-3.png 1080w, https:\/\/gelatinesjunca.com\/wp-content\/uploads\/2023\/05\/Diseno-sin-titulo-3-300x300.png 300w, https:\/\/gelatinesjunca.com\/wp-content\/uploads\/2023\/05\/Diseno-sin-titulo-3-1024x1024.png 1024w, https:\/\/gelatinesjunca.com\/wp-content\/uploads\/2023\/05\/Diseno-sin-titulo-3-150x150.png 150w\" sizes=\"(max-width: 1080px) 100vw, 1080px\" \/><div class=\"wp-block-cover__inner-container is-layout-flow wp-block-cover-is-layout-flow\">\n<p class=\"has-text-align-center has-large-font-size\">EUROPEAN PRODUCT<\/p>\n\n\n\n<div class=\"wp-block-columns is-layout-flex wp-container-core-columns-is-layout-9d6595d7 wp-block-columns-is-layout-flex\">\n<div class=\"wp-block-column is-layout-flow wp-block-column-is-layout-flow\" style=\"flex-basis:250px\"><\/div>\n\n\n\n<div class=\"wp-block-column is-layout-flow wp-block-column-is-layout-flow\" style=\"flex-basis:80%\">\n<p class=\"has-text-color has-medium-font-size\" style=\"color:#6b0f3c\">Our products are of European origin and manufactured in Spain, specifically at the Banyoles plant in Girona. Additionally, we ensure to carefully select our raw material suppliers (pigskin) exclusively from Europe, and the raw material is processed within the European Union. This way, we guarantee the quality and traceability of our products.<\/p>\n<\/div>\n\n\n\n<div class=\"wp-block-column is-layout-flow wp-block-column-is-layout-flow\" style=\"flex-basis:5px\"><\/div>\n<\/div>\n<\/div><\/div>\n\n\n\n<div class=\"wp-block-cover\"><span aria-hidden=\"true\" class=\"wp-block-cover__background has-background-dim-0 has-background-dim\"><\/span><img decoding=\"async\" width=\"1366\" height=\"768\" class=\"wp-block-cover__image-background wp-image-1268\" alt=\"\" src=\"https:\/\/gelatinesjunca.com\/wp-content\/uploads\/2023\/05\/19.png\" data-object-fit=\"cover\" srcset=\"https:\/\/gelatinesjunca.com\/wp-content\/uploads\/2023\/05\/19.png 1366w, https:\/\/gelatinesjunca.com\/wp-content\/uploads\/2023\/05\/19-300x169.png 300w, https:\/\/gelatinesjunca.com\/wp-content\/uploads\/2023\/05\/19-1024x576.png 1024w\" sizes=\"(max-width: 1366px) 100vw, 1366px\" \/><div class=\"wp-block-cover__inner-container is-layout-flow wp-block-cover-is-layout-flow\">\n<p class=\"has-text-align-center has-black-color has-text-color has-large-font-size\">TRACEABILITY<\/p>\n\n\n\n<div class=\"wp-block-columns is-layout-flex wp-container-core-columns-is-layout-9d6595d7 wp-block-columns-is-layout-flex\">\n<div class=\"wp-block-column is-layout-flow wp-block-column-is-layout-flow\" style=\"flex-basis:25%\">\n<div class=\"wp-block-group\"><div class=\"wp-block-group__inner-container is-layout-constrained wp-block-group-is-layout-constrained\">\n<div class=\"wp-block-columns are-vertically-aligned-center is-layout-flex wp-container-core-columns-is-layout-9d6595d7 wp-block-columns-is-layout-flex\">\n<div class=\"wp-block-column is-vertically-aligned-center is-layout-flow wp-block-column-is-layout-flow\">\n<p class=\"has-text-color has-medium-font-size\" style=\"color:#6b0f3c\"><\/p>\n<\/div>\n<\/div>\n<\/div><\/div>\n<\/div>\n\n\n\n<div class=\"wp-block-column is-layout-flow wp-block-column-is-layout-flow\" style=\"flex-basis:80%\">\n<p class=\"has-text-color has-medium-font-size\" style=\"color:#6b0f3c\">We have an effective &#8220;farm to table&#8221; product tracking system, thanks to the qualification of our suppliers. This allows us to guarantee the quality of our raw materials throughout the supply chain.<\/p>\n<\/div>\n\n\n\n<div class=\"wp-block-column is-layout-flow wp-block-column-is-layout-flow\" style=\"flex-basis:10%\"><\/div>\n<\/div>\n<\/div><\/div>\n\n\n\n<div class=\"wp-block-cover has-custom-content-position is-position-top-right\" style=\"min-height:353px;aspect-ratio:unset;\"><span aria-hidden=\"true\" class=\"wp-block-cover__background has-background-dim-0 has-background-dim\"><\/span><img decoding=\"async\" width=\"1366\" height=\"768\" class=\"wp-block-cover__image-background wp-image-1271\" alt=\"\" src=\"https:\/\/gelatinesjunca.com\/wp-content\/uploads\/2023\/05\/Brand-Agency-Portfolio-Website-in-White-Black-Sleek-Monochrome-Style-7.png\" data-object-fit=\"cover\" srcset=\"https:\/\/gelatinesjunca.com\/wp-content\/uploads\/2023\/05\/Brand-Agency-Portfolio-Website-in-White-Black-Sleek-Monochrome-Style-7.png 1366w, https:\/\/gelatinesjunca.com\/wp-content\/uploads\/2023\/05\/Brand-Agency-Portfolio-Website-in-White-Black-Sleek-Monochrome-Style-7-300x169.png 300w, https:\/\/gelatinesjunca.com\/wp-content\/uploads\/2023\/05\/Brand-Agency-Portfolio-Website-in-White-Black-Sleek-Monochrome-Style-7-1024x576.png 1024w\" sizes=\"(max-width: 1366px) 100vw, 1366px\" \/><div class=\"wp-block-cover__inner-container is-layout-flow wp-block-cover-is-layout-flow\">\n<p class=\"has-text-align-center has-black-color has-text-color has-large-font-size\">TRADITION<\/p>\n\n\n\n<div class=\"wp-block-columns is-layout-flex wp-container-core-columns-is-layout-9d6595d7 wp-block-columns-is-layout-flex\">\n<div class=\"wp-block-column is-layout-flow wp-block-column-is-layout-flow\" style=\"flex-basis:25%\">\n<div class=\"wp-block-group\"><div class=\"wp-block-group__inner-container is-layout-constrained wp-block-group-is-layout-constrained\">\n<div class=\"wp-block-columns are-vertically-aligned-center is-layout-flex wp-container-core-columns-is-layout-9d6595d7 wp-block-columns-is-layout-flex\">\n<div class=\"wp-block-column is-vertically-aligned-center is-layout-flow wp-block-column-is-layout-flow\">\n<p class=\"has-text-color has-medium-font-size\" style=\"color:#6b0f3c\"><\/p>\n<\/div>\n<\/div>\n<\/div><\/div>\n<\/div>\n\n\n\n<div class=\"wp-block-column is-layout-flow wp-block-column-is-layout-flow\" style=\"flex-basis:80%\">\n<p class=\"has-text-color has-medium-font-size\" style=\"color:#6b0f3c\">With over 75 years of experience in producing high-quality porcine gelatin, we take pride in being suppliers to some of the world&#8217;s largest companies in the food, nutraceutical, pharmaceutical, and cosmetic sectors.<\/p>\n<\/div>\n\n\n\n<div class=\"wp-block-column is-layout-flow wp-block-column-is-layout-flow\" style=\"flex-basis:10%\"><\/div>\n<\/div>\n<\/div><\/div>\n\n\n\n<div class=\"wp-block-cover has-custom-content-position is-position-top-right\" style=\"min-height:353px;aspect-ratio:unset;\"><span aria-hidden=\"true\" class=\"wp-block-cover__background has-background-dim-0 has-background-dim\"><\/span><img decoding=\"async\" width=\"1366\" height=\"768\" class=\"wp-block-cover__image-background wp-image-1274\" alt=\"\" src=\"https:\/\/gelatinesjunca.com\/wp-content\/uploads\/2023\/05\/20.png\" data-object-fit=\"cover\" srcset=\"https:\/\/gelatinesjunca.com\/wp-content\/uploads\/2023\/05\/20.png 1366w, https:\/\/gelatinesjunca.com\/wp-content\/uploads\/2023\/05\/20-300x169.png 300w, https:\/\/gelatinesjunca.com\/wp-content\/uploads\/2023\/05\/20-1024x576.png 1024w\" sizes=\"(max-width: 1366px) 100vw, 1366px\" \/><div class=\"wp-block-cover__inner-container is-layout-flow wp-block-cover-is-layout-flow\">\n<p class=\"has-text-align-center has-black-color has-text-color has-large-font-size\">SELECTED SUPPLIERS<\/p>\n\n\n\n<div class=\"wp-block-columns is-layout-flex wp-container-core-columns-is-layout-9d6595d7 wp-block-columns-is-layout-flex\">\n<div class=\"wp-block-column is-layout-flow wp-block-column-is-layout-flow\" style=\"flex-basis:25%\">\n<div class=\"wp-block-group\"><div class=\"wp-block-group__inner-container is-layout-constrained wp-block-group-is-layout-constrained\">\n<div class=\"wp-block-columns are-vertically-aligned-center is-layout-flex wp-container-core-columns-is-layout-9d6595d7 wp-block-columns-is-layout-flex\">\n<div class=\"wp-block-column is-vertically-aligned-center is-layout-flow wp-block-column-is-layout-flow\">\n<p class=\"has-text-color has-medium-font-size\" style=\"color:#6b0f3c\"><\/p>\n<\/div>\n<\/div>\n<\/div><\/div>\n<\/div>\n\n\n\n<div class=\"wp-block-column is-layout-flow wp-block-column-is-layout-flow\" style=\"flex-basis:80%\">\n<p class=\"has-text-color has-medium-font-size\" style=\"color:#6b0f3c\">At Junc\u00e0 Gelatines, our historical experience in the production of gelatin and collagen hydrolysate, combined with our flexibility, allows us to offer a customized product according to each customer&#8217;s needs.<\/p>\n<\/div>\n\n\n\n<div class=\"wp-block-column is-layout-flow wp-block-column-is-layout-flow\" style=\"flex-basis:10%\"><\/div>\n<\/div>\n<\/div><\/div>\n\n\n\n<div class=\"wp-block-cover has-custom-content-position is-position-top-right\" style=\"min-height:353px;aspect-ratio:unset;\"><span aria-hidden=\"true\" class=\"wp-block-cover__background has-background-dim-0 has-background-dim\"><\/span><img decoding=\"async\" width=\"1366\" height=\"768\" class=\"wp-block-cover__image-background wp-image-1277\" alt=\"\" src=\"https:\/\/gelatinesjunca.com\/wp-content\/uploads\/2023\/05\/22.png\" data-object-fit=\"cover\" srcset=\"https:\/\/gelatinesjunca.com\/wp-content\/uploads\/2023\/05\/22.png 1366w, https:\/\/gelatinesjunca.com\/wp-content\/uploads\/2023\/05\/22-300x169.png 300w, https:\/\/gelatinesjunca.com\/wp-content\/uploads\/2023\/05\/22-1024x576.png 1024w\" sizes=\"(max-width: 1366px) 100vw, 1366px\" \/><div class=\"wp-block-cover__inner-container is-layout-flow wp-block-cover-is-layout-flow\">\n<p class=\"has-text-align-center has-black-color has-text-color has-large-font-size\">QUALITY<\/p>\n\n\n\n<div class=\"wp-block-columns is-layout-flex wp-container-core-columns-is-layout-9d6595d7 wp-block-columns-is-layout-flex\">\n<div class=\"wp-block-column is-layout-flow wp-block-column-is-layout-flow\" style=\"flex-basis:25%\">\n<div class=\"wp-block-group\"><div class=\"wp-block-group__inner-container is-layout-constrained wp-block-group-is-layout-constrained\">\n<div class=\"wp-block-columns are-vertically-aligned-center is-layout-flex wp-container-core-columns-is-layout-9d6595d7 wp-block-columns-is-layout-flex\">\n<div class=\"wp-block-column is-vertically-aligned-center is-layout-flow wp-block-column-is-layout-flow\">\n<p class=\"has-text-color has-medium-font-size\" style=\"color:#6b0f3c\"><\/p>\n<\/div>\n<\/div>\n<\/div><\/div>\n<\/div>\n\n\n\n<div class=\"wp-block-column is-layout-flow wp-block-column-is-layout-flow\" style=\"flex-basis:80%\">\n<p class=\"has-text-color has-medium-font-size\" style=\"color:#6b0f3c\">At Junc\u00e0 Gelatines, we take pride in offering a variety of products, each tailored for specific applications. Our products meet the required quality standards for both food and pharmaceutical applications, thanks to our ongoing research and development process that adheres to the highest food safety and quality standards, as reflected in our FSSC 22000 certification.<\/p>\n<\/div>\n\n\n\n<div class=\"wp-block-column is-layout-flow wp-block-column-is-layout-flow\" style=\"flex-basis:10%\"><\/div>\n<\/div>\n<\/div><\/div>\n<\/div>\n<\/div><\/div>\n<\/div><\/div>\n","protected":false},"excerpt":{"rendered":"","protected":false},"author":1,"featured_media":0,"parent":0,"menu_order":0,"comment_status":"closed","ping_status":"closed","template":"","meta":{"_uag_custom_page_level_css":"","footnotes":""},"class_list":["post-460","page","type-page","status-publish","hentry"],"yoast_head":"<!-- This site is optimized with the Yoast SEO plugin v20.6 - https:\/\/yoast.com\/wordpress\/plugins\/seo\/ -->\n<title>Products - Junca<\/title>\n<meta name=\"robots\" content=\"index, follow, max-snippet:-1, max-image-preview:large, max-video-preview:-1\" \/>\n<link rel=\"canonical\" href=\"https:\/\/gelatinesjunca.com\/en\/products\/\" \/>\n<meta property=\"og:locale\" content=\"en_US\" \/>\n<meta property=\"og:type\" content=\"article\" \/>\n<meta property=\"og:title\" content=\"Products - Junca\" \/>\n<meta property=\"og:url\" content=\"https:\/\/gelatinesjunca.com\/en\/products\/\" \/>\n<meta property=\"og:site_name\" content=\"Junca\" \/>\n<meta property=\"article:modified_time\" content=\"2023-05-26T12:48:09+00:00\" \/>\n<meta property=\"og:image\" content=\"https:\/\/gelatinesjunca.com\/wp-content\/uploads\/2022\/11\/Raggruppa-154395.png\" \/>\n<meta name=\"twitter:card\" content=\"summary_large_image\" \/>\n<meta name=\"twitter:label1\" content=\"Est. reading time\" \/>\n\t<meta name=\"twitter:data1\" content=\"3 minutes\" \/>\n<script type=\"application\/ld+json\" class=\"yoast-schema-graph\">{\"@context\":\"https:\/\/schema.org\",\"@graph\":[{\"@type\":\"WebPage\",\"@id\":\"https:\/\/gelatinesjunca.com\/en\/products\/\",\"url\":\"https:\/\/gelatinesjunca.com\/en\/products\/\",\"name\":\"Products - Junca\",\"isPartOf\":{\"@id\":\"https:\/\/gelatinesjunca.com\/en\/#website\"},\"datePublished\":\"2022-11-22T13:36:26+00:00\",\"dateModified\":\"2023-05-26T12:48:09+00:00\",\"breadcrumb\":{\"@id\":\"https:\/\/gelatinesjunca.com\/en\/products\/#breadcrumb\"},\"inLanguage\":\"en-US\",\"potentialAction\":[{\"@type\":\"ReadAction\",\"target\":[\"https:\/\/gelatinesjunca.com\/en\/products\/\"]}]},{\"@type\":\"BreadcrumbList\",\"@id\":\"https:\/\/gelatinesjunca.com\/en\/products\/#breadcrumb\",\"itemListElement\":[{\"@type\":\"ListItem\",\"position\":1,\"name\":\"Home\",\"item\":\"https:\/\/gelatinesjunca.com\/en\/\"},{\"@type\":\"ListItem\",\"position\":2,\"name\":\"Products\"}]},{\"@type\":\"WebSite\",\"@id\":\"https:\/\/gelatinesjunca.com\/en\/#website\",\"url\":\"https:\/\/gelatinesjunca.com\/en\/\",\"name\":\"Junca\",\"description\":\"En Junc\u00e0 Gelatines, nos enorgullece ofrecer una gelatina alimentaria de alta calidad, que cumple con los est\u00e1ndares de seguridad alimentaria y calidad m\u00e1s exigentes, vi\u00e9ndose representado en la certificaci\u00f3n FSSC 22000. \",\"potentialAction\":[{\"@type\":\"SearchAction\",\"target\":{\"@type\":\"EntryPoint\",\"urlTemplate\":\"https:\/\/gelatinesjunca.com\/en\/?s={search_term_string}\"},\"query-input\":\"required name=search_term_string\"}],\"inLanguage\":\"en-US\"}]}<\/script>\n<!-- \/ Yoast SEO plugin. -->","yoast_head_json":{"title":"Products - Junca","robots":{"index":"index","follow":"follow","max-snippet":"max-snippet:-1","max-image-preview":"max-image-preview:large","max-video-preview":"max-video-preview:-1"},"canonical":"https:\/\/gelatinesjunca.com\/en\/products\/","og_locale":"en_US","og_type":"article","og_title":"Products - Junca","og_url":"https:\/\/gelatinesjunca.com\/en\/products\/","og_site_name":"Junca","article_modified_time":"2023-05-26T12:48:09+00:00","og_image":[{"url":"https:\/\/gelatinesjunca.com\/wp-content\/uploads\/2022\/11\/Raggruppa-154395.png"}],"twitter_card":"summary_large_image","twitter_misc":{"Est. reading time":"3 minutes"},"schema":{"@context":"https:\/\/schema.org","@graph":[{"@type":"WebPage","@id":"https:\/\/gelatinesjunca.com\/en\/products\/","url":"https:\/\/gelatinesjunca.com\/en\/products\/","name":"Products - Junca","isPartOf":{"@id":"https:\/\/gelatinesjunca.com\/en\/#website"},"datePublished":"2022-11-22T13:36:26+00:00","dateModified":"2023-05-26T12:48:09+00:00","breadcrumb":{"@id":"https:\/\/gelatinesjunca.com\/en\/products\/#breadcrumb"},"inLanguage":"en-US","potentialAction":[{"@type":"ReadAction","target":["https:\/\/gelatinesjunca.com\/en\/products\/"]}]},{"@type":"BreadcrumbList","@id":"https:\/\/gelatinesjunca.com\/en\/products\/#breadcrumb","itemListElement":[{"@type":"ListItem","position":1,"name":"Home","item":"https:\/\/gelatinesjunca.com\/en\/"},{"@type":"ListItem","position":2,"name":"Products"}]},{"@type":"WebSite","@id":"https:\/\/gelatinesjunca.com\/en\/#website","url":"https:\/\/gelatinesjunca.com\/en\/","name":"Junca","description":"En Junc\u00e0 Gelatines, nos enorgullece ofrecer una gelatina alimentaria de alta calidad, que cumple con los est\u00e1ndares de seguridad alimentaria y calidad m\u00e1s exigentes, vi\u00e9ndose representado en la certificaci\u00f3n FSSC 22000. ","potentialAction":[{"@type":"SearchAction","target":{"@type":"EntryPoint","urlTemplate":"https:\/\/gelatinesjunca.com\/en\/?s={search_term_string}"},"query-input":"required name=search_term_string"}],"inLanguage":"en-US"}]}},"uagb_featured_image_src":{"full":false,"thumbnail":false,"medium":false,"medium_large":false,"large":false,"rpg_gallery_admin_thumb":false,"rpg_gallery_thumb":false,"1536x1536":false,"2048x2048":false},"uagb_author_info":{"display_name":"admin","author_link":"https:\/\/gelatinesjunca.com\/en\/author\/admin\/"},"uagb_comment_info":0,"uagb_excerpt":null,"_links":{"self":[{"href":"https:\/\/gelatinesjunca.com\/en\/wp-json\/wp\/v2\/pages\/460","targetHints":{"allow":["GET"]}}],"collection":[{"href":"https:\/\/gelatinesjunca.com\/en\/wp-json\/wp\/v2\/pages"}],"about":[{"href":"https:\/\/gelatinesjunca.com\/en\/wp-json\/wp\/v2\/types\/page"}],"author":[{"embeddable":true,"href":"https:\/\/gelatinesjunca.com\/en\/wp-json\/wp\/v2\/users\/1"}],"replies":[{"embeddable":true,"href":"https:\/\/gelatinesjunca.com\/en\/wp-json\/wp\/v2\/comments?post=460"}],"version-history":[{"count":4,"href":"https:\/\/gelatinesjunca.com\/en\/wp-json\/wp\/v2\/pages\/460\/revisions"}],"predecessor-version":[{"id":1335,"href":"https:\/\/gelatinesjunca.com\/en\/wp-json\/wp\/v2\/pages\/460\/revisions\/1335"}],"wp:attachment":[{"href":"https:\/\/gelatinesjunca.com\/en\/wp-json\/wp\/v2\/media?parent=460"}],"curies":[{"name":"wp","href":"https:\/\/api.w.org\/{rel}","templated":true}]}}