{"id":458,"date":"2022-11-22T16:02:34","date_gmt":"2022-11-22T15:02:34","guid":{"rendered":"https:\/\/gelatinesjunca.com\/?page_id=458"},"modified":"2023-05-29T15:36:53","modified_gmt":"2023-05-29T13:36:53","slug":"food-gelatine","status":"publish","type":"page","link":"https:\/\/gelatinesjunca.com\/en\/products\/food-gelatine\/","title":{"rendered":"Food Gelatine"},"content":{"rendered":"<figure class=\"wp-block-post-featured-image\"><img decoding=\"async\" width=\"1295\" height=\"658\" src=\"https:\/\/gelatinesjunca.com\/wp-content\/uploads\/2023\/04\/Home-gelatine.jpg\" class=\"attachment-full size-full wp-post-image\" alt=\"\" style=\"object-fit:cover;\" srcset=\"https:\/\/gelatinesjunca.com\/wp-content\/uploads\/2023\/04\/Home-gelatine.jpg 1295w, https:\/\/gelatinesjunca.com\/wp-content\/uploads\/2023\/04\/Home-gelatine-300x152.jpg 300w, https:\/\/gelatinesjunca.com\/wp-content\/uploads\/2023\/04\/Home-gelatine-1024x520.jpg 1024w\" sizes=\"(max-width: 1295px) 100vw, 1295px\" \/><\/figure>\n\n\n<div class=\"wp-block-uagb-container uagb-block-ea6f46e3 alignfull uagb-is-root-container\"><div class=\"uagb-container-inner-blocks-wrap\">\n<h2 class=\"wp-block-heading has-text-align-center has-text-color\" style=\"color:#6b0f3c\">               Food Gelatine<\/h2>\n<\/div><\/div>\n\n\n\n<div class=\"wp-block-uagb-container propriedades-list uagb-block-70cd8915 alignfull uagb-is-root-container\"><div class=\"uagb-container-inner-blocks-wrap\">\n<div class=\"wp-block-group\"><div class=\"wp-block-group__inner-container is-layout-constrained wp-block-group-is-layout-constrained\">\n<h3 class=\"wp-block-heading has-text-align-center has-ffffff-background-color has-text-color has-background\" style=\"color:#6b0f3c\"><strong>Natural, multifunctional and healthy<\/strong><\/h3>\n\n\n\n<p class=\"has-text-align-left has-medium-font-size\" style=\"font-style:normal;font-weight:400\">Gelatine is a totally <strong>natural<\/strong>, <strong>healthy-sourced food ingredient<\/strong>. It is produced by the partial hydrolysis of <strong>collagen<\/strong>, which is the main protein found in animal connective tissues. It is a food with <strong>multiple functions<\/strong>, and its <strong>exceptional properties<\/strong> have a broad range of applications in today\u2019s food industry.<\/p>\n<\/div><\/div>\n\n\n\n<div class=\"wp-block-group is-vertical is-layout-flex wp-container-core-group-is-layout-8cf370e7 wp-block-group-is-layout-flex\">\n<p class=\"has-medium-font-size\" style=\"font-style:normal;font-weight:400\">Our pork gelatine comes in the form of a tasteless, odourless, dry, white powder. It is a<strong> pure protein<\/strong> that is <strong>additive and preservative free<\/strong>, with <strong>no cholesterol<\/strong>, <strong>purines or fats<\/strong>, nor does it contain any officially-classified allergens. Gelatine has a protein content of between 84 and <strong>90 percent<\/strong>, with 1 to 2 percent mineral salts and a water content of between 8 and 15 percent.<\/p>\n<\/div>\n<\/div><\/div>\n\n\n\n<div class=\"wp-block-uagb-container propriedades-list uagb-block-45ab08a2 alignwide uagb-is-root-container\">\n<h3 class=\"wp-block-heading has-text-align-center has-ffffff-background-color has-text-color has-background\" style=\"color:#6b0f3c\"><strong>An ingredient with numerous applications and properties<\/strong><\/h3>\n\n\n\n<div class=\"wp-block-columns has-ffffff-background-color has-background is-layout-flex wp-container-core-columns-is-layout-9d6595d7 wp-block-columns-is-layout-flex\">\n<div class=\"wp-block-column is-layout-flow wp-block-column-is-layout-flow\">\n<p class=\"has-text-align-left\" style=\"font-size:18px\"><strong>Gelling<\/strong><\/p>\n\n\n\n<p class=\"has-text-align-left\" style=\"font-size:18px\">Gelatine has an incredible ability to solidify when combined with liquids. It creates a soft, gelatinous texture that is widely used in sweets such as gummy bears, marshmallows, and jelly beans. It is also often used in desserts such as jellies, flans, mousse, and many others.<\/p>\n\n\n<div class=\"wp-block-image\">\n<figure class=\"aligncenter size-full is-resized\"><img decoding=\"async\" src=\"https:\/\/gelatinesjunca.com\/wp-content\/uploads\/2023\/04\/os-9.png\" alt=\"\" class=\"wp-image-761\" width=\"170\" height=\"170\" srcset=\"https:\/\/gelatinesjunca.com\/wp-content\/uploads\/2023\/04\/os-9.png 500w, https:\/\/gelatinesjunca.com\/wp-content\/uploads\/2023\/04\/os-9-300x300.png 300w, https:\/\/gelatinesjunca.com\/wp-content\/uploads\/2023\/04\/os-9-150x150.png 150w\" sizes=\"(max-width: 170px) 100vw, 170px\" \/><\/figure>\n<\/div><\/div>\n\n\n\n<div class=\"wp-block-column is-layout-flow wp-block-column-is-layout-flow\">\n<p class=\"has-text-align-left\" style=\"font-size:18px\"><strong>Thickener<\/strong><\/p>\n\n\n\n<p style=\"font-size:18px\">Gelatine adds thickness and consistency to liquids such as sauces, soups and stews. It is also widely used in puddings and desserts. As a thickening agent, gelatine is a natural and effective choice when seeking certain textures in food products.<\/p>\n\n\n<div class=\"wp-block-image\">\n<figure class=\"aligncenter size-full is-resized\"><img decoding=\"async\" src=\"https:\/\/gelatinesjunca.com\/wp-content\/uploads\/2023\/04\/os-11.png\" alt=\"\" class=\"wp-image-829\" width=\"170\" height=\"170\" srcset=\"https:\/\/gelatinesjunca.com\/wp-content\/uploads\/2023\/04\/os-11.png 500w, https:\/\/gelatinesjunca.com\/wp-content\/uploads\/2023\/04\/os-11-300x300.png 300w, https:\/\/gelatinesjunca.com\/wp-content\/uploads\/2023\/04\/os-11-150x150.png 150w\" sizes=\"(max-width: 170px) 100vw, 170px\" \/><\/figure>\n<\/div><\/div>\n\n\n\n<div class=\"wp-block-column is-layout-flow wp-block-column-is-layout-flow\">\n<p class=\"has-text-align-left\" style=\"font-size:18px\"><strong>Stabiliser<\/strong><\/p>\n\n\n\n<p style=\"font-size:18px\">Gelatine is an excellent stabiliser that helps prevent the separation of mixed ingredients, especially in dairy products such as yoghurts, as well as many desserts, including cakes and mousses. Its ability to retain moisture and maintain a smooth, creamy texture is highly valued in the food industry&#8230; <\/p>\n\n\n<div class=\"wp-block-image\">\n<figure class=\"aligncenter size-full is-resized\"><img decoding=\"async\" src=\"https:\/\/gelatinesjunca.com\/wp-content\/uploads\/2023\/04\/os-10.png\" alt=\"\" class=\"wp-image-764\" width=\"170\" height=\"170\" srcset=\"https:\/\/gelatinesjunca.com\/wp-content\/uploads\/2023\/04\/os-10.png 500w, https:\/\/gelatinesjunca.com\/wp-content\/uploads\/2023\/04\/os-10-300x300.png 300w, https:\/\/gelatinesjunca.com\/wp-content\/uploads\/2023\/04\/os-10-150x150.png 150w\" sizes=\"(max-width: 170px) 100vw, 170px\" \/><\/figure>\n<\/div><\/div>\n\n\n\n<div class=\"wp-block-column is-layout-flow wp-block-column-is-layout-flow\">\n<p style=\"font-size:18px\"><strong>Clarifying agent<\/strong><\/p>\n\n\n\n<p style=\"font-size:18px\">Gelatine is an excellent clarifying agent for liquids such as broths and juices. Solid particles suspended in liquids are trapped and are made to settle, which helps to clarify those mixtures that gelatine is applied to. This process is especially useful in the wine industry, where it is used to improve clarity and flavour.<\/p>\n\n\n<div class=\"wp-block-image\">\n<figure class=\"aligncenter size-full is-resized\"><img decoding=\"async\" src=\"https:\/\/gelatinesjunca.com\/wp-content\/uploads\/2023\/04\/os-5.png\" alt=\"\" class=\"wp-image-720\" width=\"170\" height=\"170\" srcset=\"https:\/\/gelatinesjunca.com\/wp-content\/uploads\/2023\/04\/os-5.png 500w, https:\/\/gelatinesjunca.com\/wp-content\/uploads\/2023\/04\/os-5-300x300.png 300w, https:\/\/gelatinesjunca.com\/wp-content\/uploads\/2023\/04\/os-5-150x150.png 150w\" sizes=\"(max-width: 170px) 100vw, 170px\" \/><\/figure>\n<\/div><\/div>\n<\/div>\n<\/div>\n\n\n\n<div class=\"wp-block-uagb-container propriedades-list uagb-block-cd96a5c0 alignfull uagb-is-root-container\"><div class=\"uagb-container-inner-blocks-wrap\">\n<div class=\"wp-block-group has-ffffff-background-color has-background\"><div class=\"wp-block-group__inner-container is-layout-constrained wp-block-group-is-layout-constrained\">\n<h3 class=\"wp-block-heading has-text-align-center has-ffffff-background-color has-text-color has-background\" style=\"color:#6b0f3c\">A source of essential amino acids<\/h3>\n\n\n\n<p style=\"font-size:18px\"><strong>The gelatine<\/strong> produced <strong>by<\/strong> <strong>Junc\u00e0 Gelatines<\/strong> is a <strong>pure protein<\/strong>, and it contains amino acids such as glycine, proline and hydroxyproline.&nbsp;<\/p>\n\n\n\n<p style=\"font-size:18px\">This product comprises a total of <strong>18 amino acids<\/strong>, including 8 of the&nbsp;9 essential amino acids <strong>required regularly in a healthy and balanced diet<\/strong>.<\/p>\n\n\n\n<p style=\"font-size:18px\">Due to its high essential amino acid content, gelatine has been classified as a food (by the <strong>FAO<\/strong>) and therefore should not be declared as an E-additive. Gelatine has excellent potential as a functional ingredient.<\/p>\n<\/div><\/div>\n\n\n\n<div style=\"height:64px\" aria-hidden=\"true\" class=\"wp-block-spacer\"><\/div>\n\n\n\n<div class=\"wp-block-columns alignfull is-layout-flex wp-container-core-columns-is-layout-9d6595d7 wp-block-columns-is-layout-flex\">\n<div class=\"wp-block-column is-layout-flow wp-block-column-is-layout-flow\">\n<h3 class=\"wp-block-heading has-text-align-center has-ffffff-background-color has-text-color has-background\" style=\"color:#6b0f3c\">The 8 essential amino acids<\/h3>\n\n\n\n<figure class=\"wp-block-image size-full\"><img decoding=\"async\" width=\"1366\" height=\"768\" src=\"https:\/\/gelatinesjunca.com\/wp-content\/uploads\/2023\/05\/Colageno-1.png\" alt=\"\" class=\"wp-image-1209\" title=\"\" srcset=\"https:\/\/gelatinesjunca.com\/wp-content\/uploads\/2023\/05\/Colageno-1.png 1366w, https:\/\/gelatinesjunca.com\/wp-content\/uploads\/2023\/05\/Colageno-1-300x169.png 300w, https:\/\/gelatinesjunca.com\/wp-content\/uploads\/2023\/05\/Colageno-1-1024x576.png 1024w\" sizes=\"(max-width: 1366px) 100vw, 1366px\" \/><\/figure>\n<\/div>\n<\/div>\n<\/div><\/div>\n\n\n\n<div class=\"wp-block-uagb-container uagb-block-96f00f7c default uagb-is-root-container\">\n<div class=\"wp-block-uagb-container uagb-block-5009cea9 alignfull uagb-is-root-container\"><div class=\"uagb-container-inner-blocks-wrap\">\n<pre class=\"wp-block-code propriedades-list has-text-color\" style=\"color:#6b0f3c;font-size:18px\"><code><\/code><\/pre>\n\n\n\n<p class=\"has-text-align-center has-white-background-color has-text-color has-background has-medium-font-size\" style=\"color:#6b0f3c;font-size:18px\">At<strong> Junc\u00e0 Gelatines<\/strong> we produce <strong>high-quality<\/strong> <strong>food gelatine<\/strong>, a product that meets the most demanding food safety and quality standards, in line with FSSC 22000 certification guidelines.<br><br>Feel free to contact us to find out more about our products and how we can help you meet your production needs.<\/p>\n<\/div><\/div>\n<\/div>\n\n\n\n<div class=\"wp-block-buttons is-content-justification-center is-layout-flex wp-container-core-buttons-is-layout-16018d1d wp-block-buttons-is-layout-flex\">\n<div class=\"wp-block-button\"><a class=\"wp-block-button__link has-background has-text-align-center wp-element-button\" href=\"https:\/\/gelatinesjunca.com\/en\/contact-us\/\" style=\"background-color:#6b0f3c\"><strong>Contact us<\/strong><\/a><\/div>\n<\/div>\n\n\n\n<div style=\"height:100px\" aria-hidden=\"true\" class=\"wp-block-spacer\"><\/div>\n","protected":false},"excerpt":{"rendered":"","protected":false},"author":1,"featured_media":1169,"parent":460,"menu_order":0,"comment_status":"closed","ping_status":"closed","template":"","meta":{"_uag_custom_page_level_css":"","footnotes":""},"class_list":["post-458","page","type-page","status-publish","has-post-thumbnail","hentry"],"yoast_head":"<!-- This site is optimized with the Yoast SEO plugin v20.6 - https:\/\/yoast.com\/wordpress\/plugins\/seo\/ -->\n<title>Food Gelatine - Junca<\/title>\n<meta name=\"robots\" content=\"index, follow, max-snippet:-1, max-image-preview:large, max-video-preview:-1\" \/>\n<link rel=\"canonical\" href=\"https:\/\/gelatinesjunca.com\/en\/products\/food-gelatine\/\" \/>\n<meta property=\"og:locale\" content=\"en_US\" \/>\n<meta property=\"og:type\" content=\"article\" \/>\n<meta property=\"og:title\" content=\"Food Gelatine - Junca\" \/>\n<meta property=\"og:url\" content=\"https:\/\/gelatinesjunca.com\/en\/products\/food-gelatine\/\" \/>\n<meta property=\"og:site_name\" content=\"Junca\" \/>\n<meta property=\"article:modified_time\" content=\"2023-05-29T13:36:53+00:00\" \/>\n<meta property=\"og:image\" content=\"https:\/\/gelatinesjunca.com\/wp-content\/uploads\/2023\/04\/Home-gelatine.jpg\" \/>\n\t<meta property=\"og:image:width\" content=\"1295\" \/>\n\t<meta property=\"og:image:height\" content=\"658\" \/>\n\t<meta property=\"og:image:type\" content=\"image\/jpeg\" \/>\n<meta name=\"twitter:card\" content=\"summary_large_image\" \/>\n<meta name=\"twitter:label1\" content=\"Est. reading time\" \/>\n\t<meta name=\"twitter:data1\" content=\"4 minutes\" \/>\n<script type=\"application\/ld+json\" class=\"yoast-schema-graph\">{\"@context\":\"https:\/\/schema.org\",\"@graph\":[{\"@type\":\"WebPage\",\"@id\":\"https:\/\/gelatinesjunca.com\/en\/products\/food-gelatine\/\",\"url\":\"https:\/\/gelatinesjunca.com\/en\/products\/food-gelatine\/\",\"name\":\"Food Gelatine - Junca\",\"isPartOf\":{\"@id\":\"https:\/\/gelatinesjunca.com\/en\/#website\"},\"datePublished\":\"2022-11-22T15:02:34+00:00\",\"dateModified\":\"2023-05-29T13:36:53+00:00\",\"breadcrumb\":{\"@id\":\"https:\/\/gelatinesjunca.com\/en\/products\/food-gelatine\/#breadcrumb\"},\"inLanguage\":\"en-US\",\"potentialAction\":[{\"@type\":\"ReadAction\",\"target\":[\"https:\/\/gelatinesjunca.com\/en\/products\/food-gelatine\/\"]}]},{\"@type\":\"BreadcrumbList\",\"@id\":\"https:\/\/gelatinesjunca.com\/en\/products\/food-gelatine\/#breadcrumb\",\"itemListElement\":[{\"@type\":\"ListItem\",\"position\":1,\"name\":\"Home\",\"item\":\"https:\/\/gelatinesjunca.com\/en\/\"},{\"@type\":\"ListItem\",\"position\":2,\"name\":\"Products\",\"item\":\"https:\/\/gelatinesjunca.com\/en\/products\/\"},{\"@type\":\"ListItem\",\"position\":3,\"name\":\"Food Gelatine\"}]},{\"@type\":\"WebSite\",\"@id\":\"https:\/\/gelatinesjunca.com\/en\/#website\",\"url\":\"https:\/\/gelatinesjunca.com\/en\/\",\"name\":\"Junca\",\"description\":\"En Junc\u00e0 Gelatines, nos enorgullece ofrecer una gelatina alimentaria de alta calidad, que cumple con los est\u00e1ndares de seguridad alimentaria y calidad m\u00e1s exigentes, vi\u00e9ndose representado en la certificaci\u00f3n FSSC 22000. \",\"potentialAction\":[{\"@type\":\"SearchAction\",\"target\":{\"@type\":\"EntryPoint\",\"urlTemplate\":\"https:\/\/gelatinesjunca.com\/en\/?s={search_term_string}\"},\"query-input\":\"required name=search_term_string\"}],\"inLanguage\":\"en-US\"}]}<\/script>\n<!-- \/ Yoast SEO plugin. -->","yoast_head_json":{"title":"Food Gelatine - Junca","robots":{"index":"index","follow":"follow","max-snippet":"max-snippet:-1","max-image-preview":"max-image-preview:large","max-video-preview":"max-video-preview:-1"},"canonical":"https:\/\/gelatinesjunca.com\/en\/products\/food-gelatine\/","og_locale":"en_US","og_type":"article","og_title":"Food Gelatine - Junca","og_url":"https:\/\/gelatinesjunca.com\/en\/products\/food-gelatine\/","og_site_name":"Junca","article_modified_time":"2023-05-29T13:36:53+00:00","og_image":[{"width":1295,"height":658,"url":"https:\/\/gelatinesjunca.com\/wp-content\/uploads\/2023\/04\/Home-gelatine.jpg","type":"image\/jpeg"}],"twitter_card":"summary_large_image","twitter_misc":{"Est. reading time":"4 minutes"},"schema":{"@context":"https:\/\/schema.org","@graph":[{"@type":"WebPage","@id":"https:\/\/gelatinesjunca.com\/en\/products\/food-gelatine\/","url":"https:\/\/gelatinesjunca.com\/en\/products\/food-gelatine\/","name":"Food Gelatine - Junca","isPartOf":{"@id":"https:\/\/gelatinesjunca.com\/en\/#website"},"datePublished":"2022-11-22T15:02:34+00:00","dateModified":"2023-05-29T13:36:53+00:00","breadcrumb":{"@id":"https:\/\/gelatinesjunca.com\/en\/products\/food-gelatine\/#breadcrumb"},"inLanguage":"en-US","potentialAction":[{"@type":"ReadAction","target":["https:\/\/gelatinesjunca.com\/en\/products\/food-gelatine\/"]}]},{"@type":"BreadcrumbList","@id":"https:\/\/gelatinesjunca.com\/en\/products\/food-gelatine\/#breadcrumb","itemListElement":[{"@type":"ListItem","position":1,"name":"Home","item":"https:\/\/gelatinesjunca.com\/en\/"},{"@type":"ListItem","position":2,"name":"Products","item":"https:\/\/gelatinesjunca.com\/en\/products\/"},{"@type":"ListItem","position":3,"name":"Food Gelatine"}]},{"@type":"WebSite","@id":"https:\/\/gelatinesjunca.com\/en\/#website","url":"https:\/\/gelatinesjunca.com\/en\/","name":"Junca","description":"En Junc\u00e0 Gelatines, nos enorgullece ofrecer una gelatina alimentaria de alta calidad, que cumple con los est\u00e1ndares de seguridad alimentaria y calidad m\u00e1s exigentes, vi\u00e9ndose representado en la certificaci\u00f3n FSSC 22000. ","potentialAction":[{"@type":"SearchAction","target":{"@type":"EntryPoint","urlTemplate":"https:\/\/gelatinesjunca.com\/en\/?s={search_term_string}"},"query-input":"required name=search_term_string"}],"inLanguage":"en-US"}]}},"uagb_featured_image_src":{"full":["https:\/\/gelatinesjunca.com\/wp-content\/uploads\/2023\/04\/Home-gelatine.jpg",1295,658,false],"thumbnail":["https:\/\/gelatinesjunca.com\/wp-content\/uploads\/2023\/04\/Home-gelatine-150x150.jpg",150,150,true],"medium":["https:\/\/gelatinesjunca.com\/wp-content\/uploads\/2023\/04\/Home-gelatine-300x152.jpg",300,152,true],"medium_large":["https:\/\/gelatinesjunca.com\/wp-content\/uploads\/2023\/04\/Home-gelatine.jpg",768,390,false],"large":["https:\/\/gelatinesjunca.com\/wp-content\/uploads\/2023\/04\/Home-gelatine-1024x520.jpg",1024,520,true],"rpg_gallery_admin_thumb":["https:\/\/gelatinesjunca.com\/wp-content\/uploads\/2023\/04\/Home-gelatine-150x150.jpg",150,150,true],"rpg_gallery_thumb":["https:\/\/gelatinesjunca.com\/wp-content\/uploads\/2023\/04\/Home-gelatine-150x150.jpg",150,150,true],"1536x1536":["https:\/\/gelatinesjunca.com\/wp-content\/uploads\/2023\/04\/Home-gelatine.jpg",1295,658,false],"2048x2048":["https:\/\/gelatinesjunca.com\/wp-content\/uploads\/2023\/04\/Home-gelatine.jpg",1295,658,false]},"uagb_author_info":{"display_name":"admin","author_link":"https:\/\/gelatinesjunca.com\/en\/author\/admin\/"},"uagb_comment_info":0,"uagb_excerpt":null,"_links":{"self":[{"href":"https:\/\/gelatinesjunca.com\/en\/wp-json\/wp\/v2\/pages\/458","targetHints":{"allow":["GET"]}}],"collection":[{"href":"https:\/\/gelatinesjunca.com\/en\/wp-json\/wp\/v2\/pages"}],"about":[{"href":"https:\/\/gelatinesjunca.com\/en\/wp-json\/wp\/v2\/types\/page"}],"author":[{"embeddable":true,"href":"https:\/\/gelatinesjunca.com\/en\/wp-json\/wp\/v2\/users\/1"}],"replies":[{"embeddable":true,"href":"https:\/\/gelatinesjunca.com\/en\/wp-json\/wp\/v2\/comments?post=458"}],"version-history":[{"count":9,"href":"https:\/\/gelatinesjunca.com\/en\/wp-json\/wp\/v2\/pages\/458\/revisions"}],"predecessor-version":[{"id":1337,"href":"https:\/\/gelatinesjunca.com\/en\/wp-json\/wp\/v2\/pages\/458\/revisions\/1337"}],"up":[{"embeddable":true,"href":"https:\/\/gelatinesjunca.com\/en\/wp-json\/wp\/v2\/pages\/460"}],"wp:featuredmedia":[{"embeddable":true,"href":"https:\/\/gelatinesjunca.com\/en\/wp-json\/wp\/v2\/media\/1169"}],"wp:attachment":[{"href":"https:\/\/gelatinesjunca.com\/en\/wp-json\/wp\/v2\/media?parent=458"}],"curies":[{"name":"wp","href":"https:\/\/api.w.org\/{rel}","templated":true}]}}