{"id":456,"date":"2022-11-22T16:51:37","date_gmt":"2022-11-22T15:51:37","guid":{"rendered":"https:\/\/gelatinesjunca.com\/?page_id=456"},"modified":"2022-11-30T11:17:00","modified_gmt":"2022-11-30T10:17:00","slug":"pharmaceutical-gelatine","status":"publish","type":"page","link":"https:\/\/gelatinesjunca.com\/en\/products\/pharmaceutical-gelatine\/","title":{"rendered":"Pharmaceutical Gelatine"},"content":{"rendered":"\n<div class=\"wp-block-uagb-container uagb-block-cb57db76 alignfull uagb-is-root-container\"><div class=\"uagb-container-inner-blocks-wrap\">\n<div class=\"wp-block-uagb-container uagb-block-37b1566a\">\n<figure class=\"wp-block-gallery has-nested-images columns-default animals wp-block-gallery-1 is-layout-flex wp-block-gallery-is-layout-flex\">\n<figure class=\"wp-block-image size-large\"><img decoding=\"async\" width=\"98\" height=\"80\" data-id=\"137\" src=\"https:\/\/gelatinesjunca.com\/wp-content\/uploads\/2022\/11\/icona.png\" alt=\"\" class=\"wp-image-137\"\/><figcaption class=\"wp-element-caption\">Bovine<\/figcaption><\/figure>\n\n\n\n<figure class=\"wp-block-image size-large\"><img decoding=\"async\" width=\"108\" height=\"63\" data-id=\"138\" src=\"https:\/\/gelatinesjunca.com\/wp-content\/uploads\/2022\/11\/Raggruppa-154382.png\" alt=\"\" class=\"wp-image-138\"\/><figcaption class=\"wp-element-caption\">Pig<\/figcaption><\/figure>\n<\/figure>\n\n\n\n<h2 class=\"h4 has-text-color wp-block-heading\" style=\"color:#6b0f3c\"><strong>Pharmaceutical Gelatine<\/strong><\/h2>\n\n\n\n<p>The pharmaceutical industry also benefits from the functional properties of gelatine, as it is a versatile ingredient that is fundamental in many pharmaceutical preparations.<\/p>\n\n\n\n<div style=\"height:30px\" aria-hidden=\"true\" class=\"wp-block-spacer\"><\/div>\n\n\n\n<figure class=\"wp-block-gallery has-nested-images columns-default animals food wp-block-gallery-2 is-layout-flex wp-block-gallery-is-layout-flex\">\n<figure class=\"wp-block-image size-full\"><img decoding=\"async\" width=\"344\" height=\"344\" data-id=\"157\" src=\"https:\/\/gelatinesjunca.com\/wp-content\/uploads\/2022\/11\/Gruppo-di-maschere-7-1.jpg\" alt=\"\" class=\"wp-image-157\" srcset=\"https:\/\/gelatinesjunca.com\/wp-content\/uploads\/2022\/11\/Gruppo-di-maschere-7-1.jpg 344w, https:\/\/gelatinesjunca.com\/wp-content\/uploads\/2022\/11\/Gruppo-di-maschere-7-1-300x300.jpg 300w, https:\/\/gelatinesjunca.com\/wp-content\/uploads\/2022\/11\/Gruppo-di-maschere-7-1-150x150.jpg 150w\" sizes=\"(max-width: 344px) 100vw, 344px\" \/><\/figure>\n\n\n\n<figure class=\"wp-block-image size-full\"><img decoding=\"async\" width=\"344\" height=\"344\" data-id=\"158\" src=\"https:\/\/gelatinesjunca.com\/wp-content\/uploads\/2022\/11\/Gruppo-di-maschere-8-1.jpg\" alt=\"\" class=\"wp-image-158\" srcset=\"https:\/\/gelatinesjunca.com\/wp-content\/uploads\/2022\/11\/Gruppo-di-maschere-8-1.jpg 344w, https:\/\/gelatinesjunca.com\/wp-content\/uploads\/2022\/11\/Gruppo-di-maschere-8-1-300x300.jpg 300w, https:\/\/gelatinesjunca.com\/wp-content\/uploads\/2022\/11\/Gruppo-di-maschere-8-1-150x150.jpg 150w\" sizes=\"(max-width: 344px) 100vw, 344px\" \/><\/figure>\n\n\n\n<figure class=\"wp-block-image size-full\"><img decoding=\"async\" width=\"344\" height=\"344\" data-id=\"159\" src=\"https:\/\/gelatinesjunca.com\/wp-content\/uploads\/2022\/11\/Gruppo-di-maschere-9-1.jpg\" alt=\"\" class=\"wp-image-159\" srcset=\"https:\/\/gelatinesjunca.com\/wp-content\/uploads\/2022\/11\/Gruppo-di-maschere-9-1.jpg 344w, https:\/\/gelatinesjunca.com\/wp-content\/uploads\/2022\/11\/Gruppo-di-maschere-9-1-300x300.jpg 300w, https:\/\/gelatinesjunca.com\/wp-content\/uploads\/2022\/11\/Gruppo-di-maschere-9-1-150x150.jpg 150w\" sizes=\"(max-width: 344px) 100vw, 344px\" \/><\/figure>\n<\/figure>\n<\/div>\n\n\n\n<div class=\"wp-block-uagb-container uagb-block-369d0e18\"><div class=\"wp-block-image absolute\">\n<figure class=\"alignright size-large is-resized uag-hide-mob\"><img decoding=\"async\" src=\"https:\/\/gelatinesjunca.com\/wp-content\/uploads\/2022\/11\/LOGO-1-115x1024.png\" alt=\"\" class=\"wp-image-156\" width=\"123\"\/><\/figure>\n<\/div><\/div>\n<\/div><\/div>\n\n\n\n<div class=\"wp-block-uagb-container uagb-block-c9a35234 alignfull uagb-is-root-container\"><div class=\"uagb-container-inner-blocks-wrap\">\n<div class=\"wp-block-uagb-container uagb-block-4ad47101\">\n<p>However its use in single-dose preparations is widely-known. Junc\u00e0 products are highly useful in applications of this type. Gelatine may be applied to form a coating, a protective film, or in the form of soft capsules, act as which containers that containing a precise dose of the product required.\u00a0<\/p>\n\n\n\n<p>However its properties do not end there, as gelatine is capable of creating a reversible gel, as it possesses adhesive properties among its many qualities. It is commonly-used ingredient in supplements and in many over-the-counter preparations.<\/p>\n<\/div>\n\n\n\n<div class=\"wp-block-uagb-container uagb-block-22828dc4\"><\/div>\n<\/div><\/div>\n\n\n\n<div class=\"wp-block-uagb-container propriedades-list uag-blocks-common-selector uagb-block-203aaf81 alignfull uagb-is-root-container\"><div class=\"uagb-container-inner-blocks-wrap\">\n<div class=\"wp-block-uagb-container uagb-block-c4c673af\">\n<p>The main functions of gelatine when applied to the pharmaceutical sector are outlined below:<\/p>\n\n\n\n<ul class=\"wp-block-list\">\n<li><strong>It retains active ingredients in pharmaceutical substances.<\/strong><\/li>\n\n\n\n<li><strong>It facilitates the proper unification of ingredients.\u00a0<\/strong><\/li>\n\n\n\n<li><strong>It helps to prolong product stability and quality.\u00a0<\/strong><\/li>\n\n\n\n<li><strong>It extends the life cycle and, therefore, the shelf-life of medicines.\u00a0<\/strong><\/li>\n\n\n\n<li><strong>It may even be used to promote the speed and release of active medicinal ingredients in capsule ingestion.<\/strong><\/li>\n<\/ul>\n<\/div>\n\n\n\n<div class=\"wp-block-uagb-container uagb-block-6d4d6377\"><\/div>\n<\/div><\/div>\n\n\n\n<div class=\"wp-block-uagb-container uagb-block-5800fcda alignfull uagb-is-root-container\"><div class=\"uagb-container-inner-blocks-wrap\">\n<div class=\"wp-block-uagb-container uagb-block-828b930b\">\n<p>In the pharmaceutical industry, gelatine is mainly used to make soft or hard capsules, as well as for providing coatings to vitamins.\u00a0<\/p>\n\n\n\n<h3 class=\"has-text-color wp-block-heading\" style=\"color:#6b0f3c\"><strong>Soft and Hard Capsules<\/strong><\/h3>\n\n\n\n<p>These are produced from a mixture of gelatine, glycerol and\/or sorbitol and water. Soft capsules are used as a vehicle for powders or granules. The ingredients, which are mainly active ingredients and excipients, are inserted during capsule production.<\/p>\n\n\n\n<p>Low or medium Bloom strength gelatine is normally used in the production of these capsules. Hard capsules are manufactured from high-density gelatine using a dipping process.<\/p>\n\n\n\n<h3 class=\"has-text-color wp-block-heading\" style=\"color:#6b0f3c\"><strong>Tablets for Medical Use<\/strong><\/h3>\n\n\n\n<p>Gelatine is used internally in this type of application. Thanks to its adhesive properties, gelatine provides structure to medicines produced in tablet-type formats. Normal gelatine undergoes a wet granulation process before compression, while hydrolysed gelatine is used for direct compression procedures. The Bloom strength of the gelatine used is crucial for the rate at which each tablet type dissolves: a high Bloom strength results in slow dissipation speeds, while a low Bloom value indicates faster dissolving times.<\/p>\n\n\n\n<h3 class=\"has-text-color wp-block-heading\" style=\"color:#6b0f3c\"><strong>Microencapsulation<\/strong><\/h3>\n\n\n\n<p>Microencapsulation makes changing the solubility and appearance of a substance (from liquid to powder) possible. It may also be used to mask the unpleasant smell and taste of the medical substance to be ingested. Microencapsulation is a useful technique with numerous applications: it facilitates taking medical products, it prolongs the shelf life of products, while keeping them intact, it protects ingredients from oxidation and moisture. The substance to be microencapsulated is finely dispersed in a gelatine solution before being transformed into a powder by means of a special post-drying process.<\/p>\n<\/div>\n\n\n\n<div class=\"wp-block-uagb-container uagb-block-98abcd96\"><\/div>\n<\/div><\/div>\n","protected":false},"excerpt":{"rendered":"","protected":false},"author":1,"featured_media":0,"parent":460,"menu_order":0,"comment_status":"closed","ping_status":"closed","template":"","meta":{"_uag_custom_page_level_css":"","footnotes":""},"class_list":["post-456","page","type-page","status-publish","hentry"],"yoast_head":"<!-- This site is optimized with the Yoast SEO plugin v20.6 - https:\/\/yoast.com\/wordpress\/plugins\/seo\/ -->\n<title>Pharmaceutical Gelatine - Junca<\/title>\n<meta name=\"robots\" content=\"index, follow, max-snippet:-1, max-image-preview:large, max-video-preview:-1\" \/>\n<link rel=\"canonical\" href=\"https:\/\/gelatinesjunca.com\/en\/products\/pharmaceutical-gelatine\/\" \/>\n<meta property=\"og:locale\" content=\"en_US\" \/>\n<meta property=\"og:type\" content=\"article\" \/>\n<meta property=\"og:title\" content=\"Pharmaceutical Gelatine - Junca\" \/>\n<meta property=\"og:url\" content=\"https:\/\/gelatinesjunca.com\/en\/products\/pharmaceutical-gelatine\/\" \/>\n<meta property=\"og:site_name\" content=\"Junca\" \/>\n<meta property=\"article:modified_time\" content=\"2022-11-30T10:17:00+00:00\" \/>\n<meta property=\"og:image\" content=\"https:\/\/gelatinesjunca.com\/wp-content\/uploads\/2022\/11\/icona.png\" \/>\n<meta name=\"twitter:card\" content=\"summary_large_image\" \/>\n<meta name=\"twitter:label1\" content=\"Est. reading time\" \/>\n\t<meta name=\"twitter:data1\" content=\"4 minutes\" \/>\n<script type=\"application\/ld+json\" class=\"yoast-schema-graph\">{\"@context\":\"https:\/\/schema.org\",\"@graph\":[{\"@type\":\"WebPage\",\"@id\":\"https:\/\/gelatinesjunca.com\/en\/products\/pharmaceutical-gelatine\/\",\"url\":\"https:\/\/gelatinesjunca.com\/en\/products\/pharmaceutical-gelatine\/\",\"name\":\"Pharmaceutical Gelatine - Junca\",\"isPartOf\":{\"@id\":\"https:\/\/gelatinesjunca.com\/en\/#website\"},\"datePublished\":\"2022-11-22T15:51:37+00:00\",\"dateModified\":\"2022-11-30T10:17:00+00:00\",\"breadcrumb\":{\"@id\":\"https:\/\/gelatinesjunca.com\/en\/products\/pharmaceutical-gelatine\/#breadcrumb\"},\"inLanguage\":\"en-US\",\"potentialAction\":[{\"@type\":\"ReadAction\",\"target\":[\"https:\/\/gelatinesjunca.com\/en\/products\/pharmaceutical-gelatine\/\"]}]},{\"@type\":\"BreadcrumbList\",\"@id\":\"https:\/\/gelatinesjunca.com\/en\/products\/pharmaceutical-gelatine\/#breadcrumb\",\"itemListElement\":[{\"@type\":\"ListItem\",\"position\":1,\"name\":\"Home\",\"item\":\"https:\/\/gelatinesjunca.com\/en\/\"},{\"@type\":\"ListItem\",\"position\":2,\"name\":\"Pharmaceutical Gelatine\"}]},{\"@type\":\"WebSite\",\"@id\":\"https:\/\/gelatinesjunca.com\/en\/#website\",\"url\":\"https:\/\/gelatinesjunca.com\/en\/\",\"name\":\"Junca\",\"description\":\"En Junc\u00e0 Gelatines, nos enorgullece ofrecer una gelatina alimentaria de alta calidad, que cumple con los est\u00e1ndares de seguridad alimentaria y calidad m\u00e1s exigentes, vi\u00e9ndose representado en la certificaci\u00f3n FSSC 22000. \",\"potentialAction\":[{\"@type\":\"SearchAction\",\"target\":{\"@type\":\"EntryPoint\",\"urlTemplate\":\"https:\/\/gelatinesjunca.com\/en\/?s={search_term_string}\"},\"query-input\":\"required name=search_term_string\"}],\"inLanguage\":\"en-US\"}]}<\/script>\n<!-- \/ Yoast SEO plugin. -->","yoast_head_json":{"title":"Pharmaceutical Gelatine - Junca","robots":{"index":"index","follow":"follow","max-snippet":"max-snippet:-1","max-image-preview":"max-image-preview:large","max-video-preview":"max-video-preview:-1"},"canonical":"https:\/\/gelatinesjunca.com\/en\/products\/pharmaceutical-gelatine\/","og_locale":"en_US","og_type":"article","og_title":"Pharmaceutical Gelatine - Junca","og_url":"https:\/\/gelatinesjunca.com\/en\/products\/pharmaceutical-gelatine\/","og_site_name":"Junca","article_modified_time":"2022-11-30T10:17:00+00:00","og_image":[{"url":"https:\/\/gelatinesjunca.com\/wp-content\/uploads\/2022\/11\/icona.png"}],"twitter_card":"summary_large_image","twitter_misc":{"Est. reading time":"4 minutes"},"schema":{"@context":"https:\/\/schema.org","@graph":[{"@type":"WebPage","@id":"https:\/\/gelatinesjunca.com\/en\/products\/pharmaceutical-gelatine\/","url":"https:\/\/gelatinesjunca.com\/en\/products\/pharmaceutical-gelatine\/","name":"Pharmaceutical Gelatine - Junca","isPartOf":{"@id":"https:\/\/gelatinesjunca.com\/en\/#website"},"datePublished":"2022-11-22T15:51:37+00:00","dateModified":"2022-11-30T10:17:00+00:00","breadcrumb":{"@id":"https:\/\/gelatinesjunca.com\/en\/products\/pharmaceutical-gelatine\/#breadcrumb"},"inLanguage":"en-US","potentialAction":[{"@type":"ReadAction","target":["https:\/\/gelatinesjunca.com\/en\/products\/pharmaceutical-gelatine\/"]}]},{"@type":"BreadcrumbList","@id":"https:\/\/gelatinesjunca.com\/en\/products\/pharmaceutical-gelatine\/#breadcrumb","itemListElement":[{"@type":"ListItem","position":1,"name":"Home","item":"https:\/\/gelatinesjunca.com\/en\/"},{"@type":"ListItem","position":2,"name":"Pharmaceutical Gelatine"}]},{"@type":"WebSite","@id":"https:\/\/gelatinesjunca.com\/en\/#website","url":"https:\/\/gelatinesjunca.com\/en\/","name":"Junca","description":"En Junc\u00e0 Gelatines, nos enorgullece ofrecer una gelatina alimentaria de alta calidad, que cumple con los est\u00e1ndares de seguridad alimentaria y calidad m\u00e1s exigentes, vi\u00e9ndose representado en la certificaci\u00f3n FSSC 22000. ","potentialAction":[{"@type":"SearchAction","target":{"@type":"EntryPoint","urlTemplate":"https:\/\/gelatinesjunca.com\/en\/?s={search_term_string}"},"query-input":"required name=search_term_string"}],"inLanguage":"en-US"}]}},"uagb_featured_image_src":{"full":false,"thumbnail":false,"medium":false,"medium_large":false,"large":false,"rpg_gallery_admin_thumb":false,"rpg_gallery_thumb":false,"1536x1536":false,"2048x2048":false},"uagb_author_info":{"display_name":"admin","author_link":"https:\/\/gelatinesjunca.com\/en\/author\/admin\/"},"uagb_comment_info":0,"uagb_excerpt":null,"_links":{"self":[{"href":"https:\/\/gelatinesjunca.com\/en\/wp-json\/wp\/v2\/pages\/456","targetHints":{"allow":["GET"]}}],"collection":[{"href":"https:\/\/gelatinesjunca.com\/en\/wp-json\/wp\/v2\/pages"}],"about":[{"href":"https:\/\/gelatinesjunca.com\/en\/wp-json\/wp\/v2\/types\/page"}],"author":[{"embeddable":true,"href":"https:\/\/gelatinesjunca.com\/en\/wp-json\/wp\/v2\/users\/1"}],"replies":[{"embeddable":true,"href":"https:\/\/gelatinesjunca.com\/en\/wp-json\/wp\/v2\/comments?post=456"}],"version-history":[{"count":2,"href":"https:\/\/gelatinesjunca.com\/en\/wp-json\/wp\/v2\/pages\/456\/revisions"}],"predecessor-version":[{"id":462,"href":"https:\/\/gelatinesjunca.com\/en\/wp-json\/wp\/v2\/pages\/456\/revisions\/462"}],"up":[{"embeddable":true,"href":"https:\/\/gelatinesjunca.com\/en\/wp-json\/wp\/v2\/pages\/460"}],"wp:attachment":[{"href":"https:\/\/gelatinesjunca.com\/en\/wp-json\/wp\/v2\/media?parent=456"}],"curies":[{"name":"wp","href":"https:\/\/api.w.org\/{rel}","templated":true}]}}