{"id":452,"date":"2022-11-22T18:12:32","date_gmt":"2022-11-22T17:12:32","guid":{"rendered":"https:\/\/gelatinesjunca.com\/?page_id=452"},"modified":"2022-11-30T11:05:50","modified_gmt":"2022-11-30T10:05:50","slug":"protesol-f","status":"publish","type":"page","link":"https:\/\/gelatinesjunca.com\/en\/products\/protesol-f\/","title":{"rendered":"Protesol F"},"content":{"rendered":"\n<div class=\"wp-block-uagb-container uagb-block-b28ba7c4 alignfull uagb-is-root-container\"><div class=\"uagb-container-inner-blocks-wrap\">\n<div class=\"wp-block-uagb-container uagb-block-668d43fa\">\n<figure class=\"wp-block-gallery has-nested-images columns-default animals yellow wp-block-gallery-1 is-layout-flex wp-block-gallery-is-layout-flex\">\n<figure class=\"wp-block-image size-full\"><img decoding=\"async\" width=\"98\" height=\"80\" data-id=\"167\" src=\"https:\/\/gelatinesjunca.com\/wp-content\/uploads\/2022\/11\/SjtPWs.png\" alt=\"\" class=\"wp-image-167\"\/><figcaption class=\"wp-element-caption\">Bovine<\/figcaption><\/figure>\n\n\n\n<figure class=\"wp-block-image size-full\"><img decoding=\"async\" width=\"108\" height=\"63\" data-id=\"168\" src=\"https:\/\/gelatinesjunca.com\/wp-content\/uploads\/2022\/11\/Raggruppa-154382-1.png\" alt=\"\" class=\"wp-image-168\"\/><figcaption class=\"wp-element-caption\">Pig<\/figcaption><\/figure>\n<\/figure>\n\n\n\n<h2 class=\"h4 has-text-color wp-block-heading\" style=\"color:#6b0f3c\"><strong><strong>PROTESOL F Hydrolised Food Gelatine<\/strong><\/strong><\/h2>\n\n\n\n<p>Gelatine Hydrolysate, which is also goes under the names of hydrolysed gelatine, collagen peptides and collagen protein, is sourced from the connective tissue of pigs and cattle. Its main ingredient is denatured and hydrolysed collagen.\u00a0<\/p>\n\n\n\n<div style=\"height:30px\" aria-hidden=\"true\" class=\"wp-block-spacer\"><\/div>\n\n\n\n<figure class=\"wp-block-gallery has-nested-images columns-default animals food wp-block-gallery-2 is-layout-flex wp-block-gallery-is-layout-flex\">\n<figure class=\"wp-block-image size-full\"><img decoding=\"async\" width=\"344\" height=\"344\" data-id=\"170\" src=\"https:\/\/gelatinesjunca.com\/wp-content\/uploads\/2022\/11\/Gruppo-di-maschere-7-2.jpg\" alt=\"\" class=\"wp-image-170\" srcset=\"https:\/\/gelatinesjunca.com\/wp-content\/uploads\/2022\/11\/Gruppo-di-maschere-7-2.jpg 344w, https:\/\/gelatinesjunca.com\/wp-content\/uploads\/2022\/11\/Gruppo-di-maschere-7-2-300x300.jpg 300w, https:\/\/gelatinesjunca.com\/wp-content\/uploads\/2022\/11\/Gruppo-di-maschere-7-2-150x150.jpg 150w\" sizes=\"(max-width: 344px) 100vw, 344px\" \/><\/figure>\n\n\n\n<figure class=\"wp-block-image size-full\"><img decoding=\"async\" width=\"344\" height=\"344\" data-id=\"171\" src=\"https:\/\/gelatinesjunca.com\/wp-content\/uploads\/2022\/11\/Gruppo-di-maschere-22.jpg\" alt=\"\" class=\"wp-image-171\" srcset=\"https:\/\/gelatinesjunca.com\/wp-content\/uploads\/2022\/11\/Gruppo-di-maschere-22.jpg 344w, https:\/\/gelatinesjunca.com\/wp-content\/uploads\/2022\/11\/Gruppo-di-maschere-22-300x300.jpg 300w, https:\/\/gelatinesjunca.com\/wp-content\/uploads\/2022\/11\/Gruppo-di-maschere-22-150x150.jpg 150w\" sizes=\"(max-width: 344px) 100vw, 344px\" \/><\/figure>\n\n\n\n<figure class=\"wp-block-image size-full\"><img decoding=\"async\" width=\"344\" height=\"344\" data-id=\"172\" src=\"https:\/\/gelatinesjunca.com\/wp-content\/uploads\/2022\/11\/Gruppo-di-maschere-9-2.jpg\" alt=\"\" class=\"wp-image-172\" srcset=\"https:\/\/gelatinesjunca.com\/wp-content\/uploads\/2022\/11\/Gruppo-di-maschere-9-2.jpg 344w, https:\/\/gelatinesjunca.com\/wp-content\/uploads\/2022\/11\/Gruppo-di-maschere-9-2-300x300.jpg 300w, https:\/\/gelatinesjunca.com\/wp-content\/uploads\/2022\/11\/Gruppo-di-maschere-9-2-150x150.jpg 150w\" sizes=\"(max-width: 344px) 100vw, 344px\" \/><\/figure>\n<\/figure>\n<\/div>\n\n\n\n<div class=\"wp-block-uagb-container uagb-block-577c2e95\"><div class=\"wp-block-image absolute\">\n<figure class=\"alignright size-large is-resized uag-hide-mob\"><img decoding=\"async\" src=\"https:\/\/gelatinesjunca.com\/wp-content\/uploads\/2022\/11\/Raggruppa-154402-151x1024.png\" alt=\"\" class=\"wp-image-169\" width=\"123\"\/><\/figure>\n<\/div><\/div>\n<\/div><\/div>\n\n\n\n<div class=\"wp-block-uagb-container propriedades-list uag-blocks-common-selector uagb-block-d4cda06f alignfull uagb-is-root-container\"><div class=\"uagb-container-inner-blocks-wrap\">\n<p>PROTESOL F Food Gelatine Hydrolysate is a functional ingredient used in many foods such as:<\/p>\n\n\n\n<ul class=\"wp-block-list\">\n<li><strong>yoghurts<\/strong><\/li>\n\n\n\n<li><strong>cold desserts<\/strong><\/li>\n\n\n\n<li><strong>fruit jellies\u00a0<\/strong><\/li>\n\n\n\n<li><strong>puddings\u00a0<\/strong><\/li>\n\n\n\n<li><strong>cheesecakes\u00a0<\/strong><\/li>\n\n\n\n<li><strong>panna cotta<\/strong><\/li>\n\n\n\n<li><strong>mousse\u00a0<\/strong><\/li>\n\n\n\n<li><strong>creams\u00a0<\/strong><\/li>\n\n\n\n<li><strong>broths\u00a0<\/strong><\/li>\n\n\n\n<li><strong>sausages<\/strong><\/li>\n<\/ul>\n<\/div><\/div>\n\n\n\n<div class=\"wp-block-uagb-container uagb-block-7a3ce82e alignfull uagb-is-root-container\"><div class=\"uagb-container-inner-blocks-wrap\">\n<div class=\"wp-block-uagb-container uagb-block-0760e823\">\n<p>PROTESOL F gelatine is made from hydrolysed gelatine, in other words from gelatine that has been broken down by water. On immersion in an enzyme bath, the gelatine&#8217;s natural protein chains are severed, and the substance that remains dissolves instantly in hot or cold liquids.<br>The hydrolysate forms a gel-like substance that is easier for our bodies to absorb and digest.<\/p>\n<\/div>\n\n\n\n<div class=\"wp-block-uagb-container uagb-block-f064b816\"><\/div>\n<\/div><\/div>\n","protected":false},"excerpt":{"rendered":"","protected":false},"author":1,"featured_media":1364,"parent":460,"menu_order":0,"comment_status":"closed","ping_status":"closed","template":"","meta":{"_uag_custom_page_level_css":"","footnotes":""},"class_list":["post-452","page","type-page","status-publish","has-post-thumbnail","hentry"],"yoast_head":"<!-- This site is optimized with the Yoast SEO plugin v20.6 - https:\/\/yoast.com\/wordpress\/plugins\/seo\/ -->\n<title>Protesol F - Junca<\/title>\n<meta name=\"robots\" content=\"index, follow, max-snippet:-1, max-image-preview:large, max-video-preview:-1\" \/>\n<link rel=\"canonical\" href=\"https:\/\/gelatinesjunca.com\/en\/products\/protesol-f\/\" \/>\n<meta property=\"og:locale\" content=\"en_US\" \/>\n<meta property=\"og:type\" content=\"article\" \/>\n<meta property=\"og:title\" content=\"Protesol F - Junca\" \/>\n<meta property=\"og:url\" content=\"https:\/\/gelatinesjunca.com\/en\/products\/protesol-f\/\" \/>\n<meta property=\"og:site_name\" content=\"Junca\" \/>\n<meta property=\"article:modified_time\" content=\"2022-11-30T10:05:50+00:00\" \/>\n<meta property=\"og:image\" content=\"https:\/\/gelatinesjunca.com\/wp-content\/uploads\/2022\/11\/SjtPWs.png\" \/>\n<meta name=\"twitter:card\" content=\"summary_large_image\" \/>\n<meta name=\"twitter:label1\" content=\"Est. reading time\" \/>\n\t<meta name=\"twitter:data1\" content=\"2 minutes\" \/>\n<script type=\"application\/ld+json\" class=\"yoast-schema-graph\">{\"@context\":\"https:\/\/schema.org\",\"@graph\":[{\"@type\":\"WebPage\",\"@id\":\"https:\/\/gelatinesjunca.com\/en\/products\/protesol-f\/\",\"url\":\"https:\/\/gelatinesjunca.com\/en\/products\/protesol-f\/\",\"name\":\"Protesol F - Junca\",\"isPartOf\":{\"@id\":\"https:\/\/gelatinesjunca.com\/en\/#website\"},\"datePublished\":\"2022-11-22T17:12:32+00:00\",\"dateModified\":\"2022-11-30T10:05:50+00:00\",\"breadcrumb\":{\"@id\":\"https:\/\/gelatinesjunca.com\/en\/products\/protesol-f\/#breadcrumb\"},\"inLanguage\":\"en-US\",\"potentialAction\":[{\"@type\":\"ReadAction\",\"target\":[\"https:\/\/gelatinesjunca.com\/en\/products\/protesol-f\/\"]}]},{\"@type\":\"BreadcrumbList\",\"@id\":\"https:\/\/gelatinesjunca.com\/en\/products\/protesol-f\/#breadcrumb\",\"itemListElement\":[{\"@type\":\"ListItem\",\"position\":1,\"name\":\"Home\",\"item\":\"https:\/\/gelatinesjunca.com\/en\/\"},{\"@type\":\"ListItem\",\"position\":2,\"name\":\"Protesol F\"}]},{\"@type\":\"WebSite\",\"@id\":\"https:\/\/gelatinesjunca.com\/en\/#website\",\"url\":\"https:\/\/gelatinesjunca.com\/en\/\",\"name\":\"Junca\",\"description\":\"En Junc\u00e0 Gelatines, nos enorgullece ofrecer una gelatina alimentaria de alta calidad, que cumple con los est\u00e1ndares de seguridad alimentaria y calidad m\u00e1s exigentes, vi\u00e9ndose representado en la certificaci\u00f3n FSSC 22000. \",\"potentialAction\":[{\"@type\":\"SearchAction\",\"target\":{\"@type\":\"EntryPoint\",\"urlTemplate\":\"https:\/\/gelatinesjunca.com\/en\/?s={search_term_string}\"},\"query-input\":\"required name=search_term_string\"}],\"inLanguage\":\"en-US\"}]}<\/script>\n<!-- \/ Yoast SEO plugin. -->","yoast_head_json":{"title":"Protesol F - Junca","robots":{"index":"index","follow":"follow","max-snippet":"max-snippet:-1","max-image-preview":"max-image-preview:large","max-video-preview":"max-video-preview:-1"},"canonical":"https:\/\/gelatinesjunca.com\/en\/products\/protesol-f\/","og_locale":"en_US","og_type":"article","og_title":"Protesol F - Junca","og_url":"https:\/\/gelatinesjunca.com\/en\/products\/protesol-f\/","og_site_name":"Junca","article_modified_time":"2022-11-30T10:05:50+00:00","og_image":[{"url":"https:\/\/gelatinesjunca.com\/wp-content\/uploads\/2022\/11\/SjtPWs.png"}],"twitter_card":"summary_large_image","twitter_misc":{"Est. reading time":"2 minutes"},"schema":{"@context":"https:\/\/schema.org","@graph":[{"@type":"WebPage","@id":"https:\/\/gelatinesjunca.com\/en\/products\/protesol-f\/","url":"https:\/\/gelatinesjunca.com\/en\/products\/protesol-f\/","name":"Protesol F - Junca","isPartOf":{"@id":"https:\/\/gelatinesjunca.com\/en\/#website"},"datePublished":"2022-11-22T17:12:32+00:00","dateModified":"2022-11-30T10:05:50+00:00","breadcrumb":{"@id":"https:\/\/gelatinesjunca.com\/en\/products\/protesol-f\/#breadcrumb"},"inLanguage":"en-US","potentialAction":[{"@type":"ReadAction","target":["https:\/\/gelatinesjunca.com\/en\/products\/protesol-f\/"]}]},{"@type":"BreadcrumbList","@id":"https:\/\/gelatinesjunca.com\/en\/products\/protesol-f\/#breadcrumb","itemListElement":[{"@type":"ListItem","position":1,"name":"Home","item":"https:\/\/gelatinesjunca.com\/en\/"},{"@type":"ListItem","position":2,"name":"Protesol F"}]},{"@type":"WebSite","@id":"https:\/\/gelatinesjunca.com\/en\/#website","url":"https:\/\/gelatinesjunca.com\/en\/","name":"Junca","description":"En Junc\u00e0 Gelatines, nos enorgullece ofrecer una gelatina alimentaria de alta calidad, que cumple con los est\u00e1ndares de seguridad alimentaria y calidad m\u00e1s exigentes, vi\u00e9ndose representado en la certificaci\u00f3n FSSC 22000. ","potentialAction":[{"@type":"SearchAction","target":{"@type":"EntryPoint","urlTemplate":"https:\/\/gelatinesjunca.com\/en\/?s={search_term_string}"},"query-input":"required name=search_term_string"}],"inLanguage":"en-US"}]}},"uagb_featured_image_src":{"full":["https:\/\/gelatinesjunca.com\/wp-content\/uploads\/2023\/06\/Colageno_prote.jpg",1366,768,false],"thumbnail":["https:\/\/gelatinesjunca.com\/wp-content\/uploads\/2023\/06\/Colageno_prote-150x150.jpg",150,150,true],"medium":["https:\/\/gelatinesjunca.com\/wp-content\/uploads\/2023\/06\/Colageno_prote-300x169.jpg",300,169,true],"medium_large":["https:\/\/gelatinesjunca.com\/wp-content\/uploads\/2023\/06\/Colageno_prote.jpg",768,432,false],"large":["https:\/\/gelatinesjunca.com\/wp-content\/uploads\/2023\/06\/Colageno_prote-1024x576.jpg",1024,576,true],"rpg_gallery_admin_thumb":["https:\/\/gelatinesjunca.com\/wp-content\/uploads\/2023\/06\/Colageno_prote-150x150.jpg",150,150,true],"rpg_gallery_thumb":["https:\/\/gelatinesjunca.com\/wp-content\/uploads\/2023\/06\/Colageno_prote-150x150.jpg",150,150,true],"1536x1536":["https:\/\/gelatinesjunca.com\/wp-content\/uploads\/2023\/06\/Colageno_prote.jpg",1366,768,false],"2048x2048":["https:\/\/gelatinesjunca.com\/wp-content\/uploads\/2023\/06\/Colageno_prote.jpg",1366,768,false]},"uagb_author_info":{"display_name":"admin","author_link":"https:\/\/gelatinesjunca.com\/en\/author\/admin\/"},"uagb_comment_info":0,"uagb_excerpt":null,"_links":{"self":[{"href":"https:\/\/gelatinesjunca.com\/en\/wp-json\/wp\/v2\/pages\/452","targetHints":{"allow":["GET"]}}],"collection":[{"href":"https:\/\/gelatinesjunca.com\/en\/wp-json\/wp\/v2\/pages"}],"about":[{"href":"https:\/\/gelatinesjunca.com\/en\/wp-json\/wp\/v2\/types\/page"}],"author":[{"embeddable":true,"href":"https:\/\/gelatinesjunca.com\/en\/wp-json\/wp\/v2\/users\/1"}],"replies":[{"embeddable":true,"href":"https:\/\/gelatinesjunca.com\/en\/wp-json\/wp\/v2\/comments?post=452"}],"version-history":[{"count":1,"href":"https:\/\/gelatinesjunca.com\/en\/wp-json\/wp\/v2\/pages\/452\/revisions"}],"predecessor-version":[{"id":453,"href":"https:\/\/gelatinesjunca.com\/en\/wp-json\/wp\/v2\/pages\/452\/revisions\/453"}],"up":[{"embeddable":true,"href":"https:\/\/gelatinesjunca.com\/en\/wp-json\/wp\/v2\/pages\/460"}],"wp:featuredmedia":[{"embeddable":true,"href":"https:\/\/gelatinesjunca.com\/en\/wp-json\/wp\/v2\/media\/1364"}],"wp:attachment":[{"href":"https:\/\/gelatinesjunca.com\/en\/wp-json\/wp\/v2\/media?parent=452"}],"curies":[{"name":"wp","href":"https:\/\/api.w.org\/{rel}","templated":true}]}}